{"id":8,"date":"2013-01-10T15:27:21","date_gmt":"2013-01-10T14:27:21","guid":{"rendered":"https:\/\/www.ayrmed.com\/editorial\/?page_id=8"},"modified":"2021-09-25T16:31:36","modified_gmt":"2021-09-25T15:31:36","slug":"suscribirse","status":"publish","type":"page","link":"https:\/\/www.ayrmed.com\/editorial\/suscribirse\/","title":{"rendered":"Acceda a su tema preferido"},"content":{"rendered":"<p style=\"text-align: left;\">Le invitamos a pulsar en su tema preferido para empezar a leer art\u00edculos de alta calidad e inter\u00e9s:<\/p>\n<h3 style=\"text-align: center;\"><a href=\"https:\/\/www.ayrmed.com\/editorial\/category\/dietas-personalizadas\/\"><span style=\"color: #00ffff;\"><strong>Diet\u00e9tica y Nutrici\u00f3n<\/strong><\/span><\/a><\/h3>\n<h3 style=\"text-align: center;\"><strong><a style=\"color: #ffcc00;\" href=\"https:\/\/www.ayrmed.com\/editorial\/category\/medicina\/\">Medicina<\/a><\/strong><\/h3>\n<h3 style=\"text-align: center;\"><span style=\"color: #800080;\"><strong><a style=\"color: #800080;\" href=\"https:\/\/www.ayrmed.com\/editorial\/category\/desarrollo-personal\/\">Desarrollo personal<\/a><\/strong><\/span><\/h3>\n","protected":false},"excerpt":{"rendered":"<p>Le invitamos a pulsar en su tema preferido para empezar a leer art\u00edculos de alta calidad e inter\u00e9s: Diet\u00e9tica y Nutrici\u00f3n Medicina Desarrollo personal<\/p>\n","protected":false},"author":1,"featured_media":0,"parent":0,"menu_order":0,"comment_status":"open","ping_status":"open","template":"","meta":{"site-sidebar-layout":"default","site-content-layout":"default","ast-site-content-layout":"default","site-content-style":"default","site-sidebar-style":"default","ast-global-header-display":"","ast-banner-title-visibility":"","ast-main-header-display":"","ast-hfb-above-header-display":"","ast-hfb-below-header-display":"","ast-hfb-mobile-header-display":"","site-post-title":"","ast-breadcrumbs-content":"","ast-featured-img":"","footer-sml-layout":"","ast-disable-related-posts":"","theme-transparent-header-meta":"default","adv-header-id-meta":"","stick-header-meta":"","header-above-stick-meta":"","header-main-stick-meta":"","header-below-stick-meta":"","astra-migrate-meta-layouts":"default","ast-page-background-enabled":"default","ast-page-background-meta":{"desktop":{"background-color":"","background-image":"","background-repeat":"repeat","background-position":"center center","background-size":"auto","background-attachment":"scroll","background-type":"","background-media":"","overlay-type":"","overlay-color":"","overlay-opacity":"","overlay-gradient":""},"tablet":{"background-color":"","background-image":"","background-repeat":"repeat","background-position":"center center","background-size":"auto","background-attachment":"scroll","background-type":"","background-media":"","overlay-type":"","overlay-color":"","overlay-opacity":"","overlay-gradient":""},"mobile":{"background-color":"","background-image":"","background-repeat":"repeat","background-position":"center center","background-size":"auto","background-attachment":"scroll","background-type":"","background-media":"","overlay-type":"","overlay-color":"","overlay-opacity":"","overlay-gradient":""}},"ast-content-background-meta":{"desktop":{"background-color":"var(--ast-global-color-5)","background-image":"","background-repeat":"repeat","background-position":"center center","background-size":"auto","background-attachment":"scroll","background-type":"","background-media":"","overlay-type":"","overlay-color":"","overlay-opacity":"","overlay-gradient":""},"tablet":{"background-color":"var(--ast-global-color-5)","background-image":"","background-repeat":"repeat","background-position":"center center","background-size":"auto","background-attachment":"scroll","background-type":"","background-media":"","overlay-type":"","overlay-color":"","overlay-opacity":"","overlay-gradient":""},"mobile":{"background-color":"var(--ast-global-color-5)","background-image":"","background-repeat":"repeat","background-position":"center center","background-size":"auto","background-attachment":"scroll","background-type":"","background-media":"","overlay-type":"","overlay-color":"","overlay-opacity":"","overlay-gradient":""}},"footnotes":""},"class_list":["post-8","page","type-page","status-publish","hentry"],"yoast_head":"<!-- This site is optimized with the Yoast SEO plugin v27.5 - https:\/\/yoast.com\/product\/yoast-seo-wordpress\/ -->\n<title>Blog de autoayuda y desarrollo personal integral | Suscribirse<\/title>\n<meta name=\"description\" content=\"P\u00e1gina de suscripci\u00f3n al blog de la editorial Ayrmed. Disfruta de las ventajas de inscribirte a nuestro bolet\u00edn de noticias.\" \/>\n<meta name=\"robots\" content=\"index, follow, max-snippet:-1, max-image-preview:large, max-video-preview:-1\" \/>\n<link rel=\"canonical\" href=\"https:\/\/www.ayrmed.com\/editorial\/suscribirse\/\" \/>\n<meta property=\"og:locale\" content=\"es_ES\" \/>\n<meta property=\"og:type\" content=\"article\" \/>\n<meta property=\"og:title\" content=\"Blog de autoayuda y desarrollo personal integral | Suscribirse\" \/>\n<meta property=\"og:description\" content=\"P\u00e1gina de suscripci\u00f3n al blog de la editorial Ayrmed. Disfruta de las ventajas de inscribirte a nuestro bolet\u00edn de noticias.\" \/>\n<meta property=\"og:url\" content=\"https:\/\/www.ayrmed.com\/editorial\/suscribirse\/\" \/>\n<meta property=\"og:site_name\" content=\"Ayrmed.com\" \/>\n<meta property=\"article:publisher\" content=\"https:\/\/www.facebook.com\/Dr.AntonioFerrandez\/\" \/>\n<meta property=\"article:modified_time\" content=\"2021-09-25T15:31:36+00:00\" \/>\n<meta name=\"twitter:label1\" content=\"Tiempo de lectura\" \/>\n\t<meta name=\"twitter:data1\" content=\"1 minuto\" \/>\n<script type=\"application\/ld+json\" class=\"yoast-schema-graph\">{\"@context\":\"https:\\\/\\\/schema.org\",\"@graph\":[{\"@type\":\"WebPage\",\"@id\":\"https:\\\/\\\/www.ayrmed.com\\\/editorial\\\/suscribirse\\\/\",\"url\":\"https:\\\/\\\/www.ayrmed.com\\\/editorial\\\/suscribirse\\\/\",\"name\":\"Blog de autoayuda y desarrollo personal integral | Suscribirse\",\"isPartOf\":{\"@id\":\"https:\\\/\\\/www.ayrmed.com\\\/editorial\\\/#website\"},\"datePublished\":\"2013-01-10T14:27:21+00:00\",\"dateModified\":\"2021-09-25T15:31:36+00:00\",\"description\":\"P\u00e1gina de suscripci\u00f3n al blog de la editorial Ayrmed. Disfruta de las ventajas de inscribirte a nuestro bolet\u00edn de noticias.\",\"breadcrumb\":{\"@id\":\"https:\\\/\\\/www.ayrmed.com\\\/editorial\\\/suscribirse\\\/#breadcrumb\"},\"inLanguage\":\"es\",\"potentialAction\":[{\"@type\":\"ReadAction\",\"target\":[\"https:\\\/\\\/www.ayrmed.com\\\/editorial\\\/suscribirse\\\/\"]}]},{\"@type\":\"BreadcrumbList\",\"@id\":\"https:\\\/\\\/www.ayrmed.com\\\/editorial\\\/suscribirse\\\/#breadcrumb\",\"itemListElement\":[{\"@type\":\"ListItem\",\"position\":1,\"name\":\"Portada\",\"item\":\"https:\\\/\\\/www.ayrmed.com\\\/editorial\\\/\"},{\"@type\":\"ListItem\",\"position\":2,\"name\":\"Acceda a su tema preferido\"}]},{\"@type\":\"WebSite\",\"@id\":\"https:\\\/\\\/www.ayrmed.com\\\/editorial\\\/#website\",\"url\":\"https:\\\/\\\/www.ayrmed.com\\\/editorial\\\/\",\"name\":\"Ayrmed.com\",\"description\":\"Avances y Renovaci\u00f3n en Medicina\",\"publisher\":{\"@id\":\"https:\\\/\\\/www.ayrmed.com\\\/editorial\\\/#organization\"},\"potentialAction\":[{\"@type\":\"SearchAction\",\"target\":{\"@type\":\"EntryPoint\",\"urlTemplate\":\"https:\\\/\\\/www.ayrmed.com\\\/editorial\\\/?s={search_term_string}\"},\"query-input\":{\"@type\":\"PropertyValueSpecification\",\"valueRequired\":true,\"valueName\":\"search_term_string\"}}],\"inLanguage\":\"es\"},{\"@type\":\"Organization\",\"@id\":\"https:\\\/\\\/www.ayrmed.com\\\/editorial\\\/#organization\",\"name\":\"Ayrmed.com\",\"url\":\"https:\\\/\\\/www.ayrmed.com\\\/editorial\\\/\",\"logo\":{\"@type\":\"ImageObject\",\"inLanguage\":\"es\",\"@id\":\"https:\\\/\\\/www.ayrmed.com\\\/editorial\\\/#\\\/schema\\\/logo\\\/image\\\/\",\"url\":\"https:\\\/\\\/www.ayrmed.com\\\/editorial\\\/wp-content\\\/uploads\\\/2020\\\/01\\\/cropped-logo-ayrmed-10.png\",\"contentUrl\":\"https:\\\/\\\/www.ayrmed.com\\\/editorial\\\/wp-content\\\/uploads\\\/2020\\\/01\\\/cropped-logo-ayrmed-10.png\",\"width\":462,\"height\":148,\"caption\":\"Ayrmed.com\"},\"image\":{\"@id\":\"https:\\\/\\\/www.ayrmed.com\\\/editorial\\\/#\\\/schema\\\/logo\\\/image\\\/\"},\"sameAs\":[\"https:\\\/\\\/www.facebook.com\\\/Dr.AntonioFerrandez\\\/\",\"https:\\\/\\\/x.com\\\/editorialayrmed\",\"https:\\\/\\\/www.linkedin.com\\\/in\\\/antonio-ferrandez-infante\\\/\",\"https:\\\/\\\/www.pinterest.es\\\/ayrmed\",\"https:\\\/\\\/www.youtube.com\\\/channel\\\/UCLTv0c5lrbhVHCij5-z835w\"]}]}<\/script>\n<!-- \/ Yoast SEO plugin. -->","yoast_head_json":{"title":"Blog de autoayuda y desarrollo personal integral | Suscribirse","description":"P\u00e1gina de suscripci\u00f3n al blog de la editorial Ayrmed. Disfruta de las ventajas de inscribirte a nuestro bolet\u00edn de noticias.","robots":{"index":"index","follow":"follow","max-snippet":"max-snippet:-1","max-image-preview":"max-image-preview:large","max-video-preview":"max-video-preview:-1"},"canonical":"https:\/\/www.ayrmed.com\/editorial\/suscribirse\/","og_locale":"es_ES","og_type":"article","og_title":"Blog de autoayuda y desarrollo personal integral | Suscribirse","og_description":"P\u00e1gina de suscripci\u00f3n al blog de la editorial Ayrmed. Disfruta de las ventajas de inscribirte a nuestro bolet\u00edn de noticias.","og_url":"https:\/\/www.ayrmed.com\/editorial\/suscribirse\/","og_site_name":"Ayrmed.com","article_publisher":"https:\/\/www.facebook.com\/Dr.AntonioFerrandez\/","article_modified_time":"2021-09-25T15:31:36+00:00","twitter_misc":{"Tiempo de lectura":"1 minuto"},"schema":{"@context":"https:\/\/schema.org","@graph":[{"@type":"WebPage","@id":"https:\/\/www.ayrmed.com\/editorial\/suscribirse\/","url":"https:\/\/www.ayrmed.com\/editorial\/suscribirse\/","name":"Blog de autoayuda y desarrollo personal integral | Suscribirse","isPartOf":{"@id":"https:\/\/www.ayrmed.com\/editorial\/#website"},"datePublished":"2013-01-10T14:27:21+00:00","dateModified":"2021-09-25T15:31:36+00:00","description":"P\u00e1gina de suscripci\u00f3n al blog de la editorial Ayrmed. Disfruta de las ventajas de inscribirte a nuestro bolet\u00edn de noticias.","breadcrumb":{"@id":"https:\/\/www.ayrmed.com\/editorial\/suscribirse\/#breadcrumb"},"inLanguage":"es","potentialAction":[{"@type":"ReadAction","target":["https:\/\/www.ayrmed.com\/editorial\/suscribirse\/"]}]},{"@type":"BreadcrumbList","@id":"https:\/\/www.ayrmed.com\/editorial\/suscribirse\/#breadcrumb","itemListElement":[{"@type":"ListItem","position":1,"name":"Portada","item":"https:\/\/www.ayrmed.com\/editorial\/"},{"@type":"ListItem","position":2,"name":"Acceda a su tema preferido"}]},{"@type":"WebSite","@id":"https:\/\/www.ayrmed.com\/editorial\/#website","url":"https:\/\/www.ayrmed.com\/editorial\/","name":"Ayrmed.com","description":"Avances y Renovaci\u00f3n en Medicina","publisher":{"@id":"https:\/\/www.ayrmed.com\/editorial\/#organization"},"potentialAction":[{"@type":"SearchAction","target":{"@type":"EntryPoint","urlTemplate":"https:\/\/www.ayrmed.com\/editorial\/?s={search_term_string}"},"query-input":{"@type":"PropertyValueSpecification","valueRequired":true,"valueName":"search_term_string"}}],"inLanguage":"es"},{"@type":"Organization","@id":"https:\/\/www.ayrmed.com\/editorial\/#organization","name":"Ayrmed.com","url":"https:\/\/www.ayrmed.com\/editorial\/","logo":{"@type":"ImageObject","inLanguage":"es","@id":"https:\/\/www.ayrmed.com\/editorial\/#\/schema\/logo\/image\/","url":"https:\/\/www.ayrmed.com\/editorial\/wp-content\/uploads\/2020\/01\/cropped-logo-ayrmed-10.png","contentUrl":"https:\/\/www.ayrmed.com\/editorial\/wp-content\/uploads\/2020\/01\/cropped-logo-ayrmed-10.png","width":462,"height":148,"caption":"Ayrmed.com"},"image":{"@id":"https:\/\/www.ayrmed.com\/editorial\/#\/schema\/logo\/image\/"},"sameAs":["https:\/\/www.facebook.com\/Dr.AntonioFerrandez\/","https:\/\/x.com\/editorialayrmed","https:\/\/www.linkedin.com\/in\/antonio-ferrandez-infante\/","https:\/\/www.pinterest.es\/ayrmed","https:\/\/www.youtube.com\/channel\/UCLTv0c5lrbhVHCij5-z835w"]}]}},"_links":{"self":[{"href":"https:\/\/www.ayrmed.com\/editorial\/wp-json\/wp\/v2\/pages\/8","targetHints":{"allow":["GET"]}}],"collection":[{"href":"https:\/\/www.ayrmed.com\/editorial\/wp-json\/wp\/v2\/pages"}],"about":[{"href":"https:\/\/www.ayrmed.com\/editorial\/wp-json\/wp\/v2\/types\/page"}],"author":[{"embeddable":true,"href":"https:\/\/www.ayrmed.com\/editorial\/wp-json\/wp\/v2\/users\/1"}],"replies":[{"embeddable":true,"href":"https:\/\/www.ayrmed.com\/editorial\/wp-json\/wp\/v2\/comments?post=8"}],"version-history":[{"count":10,"href":"https:\/\/www.ayrmed.com\/editorial\/wp-json\/wp\/v2\/pages\/8\/revisions"}],"predecessor-version":[{"id":2263,"href":"https:\/\/www.ayrmed.com\/editorial\/wp-json\/wp\/v2\/pages\/8\/revisions\/2263"}],"wp:attachment":[{"href":"https:\/\/www.ayrmed.com\/editorial\/wp-json\/wp\/v2\/media?parent=8"}],"curies":[{"name":"wp","href":"https:\/\/api.w.org\/{rel}","templated":true}]}}