{"id":367,"date":"2015-08-06T16:31:33","date_gmt":"2015-08-06T14:31:33","guid":{"rendered":"https:\/\/www.ayrmed.com\/editorial\/politica-de-cookies\/"},"modified":"2021-03-13T19:00:59","modified_gmt":"2021-03-13T18:00:59","slug":"politica-de-cookies","status":"publish","type":"page","link":"https:\/\/www.ayrmed.com\/editorial\/ayrmed\/politica-de-cookies\/","title":{"rendered":"Pol\u00edtica de cookies"},"content":{"rendered":"<p style=\"text-align: justify;\">La presente pol\u00edtica de cookies tiene por finalidad informarle de manera clara y precisa sobre las cookies que se utilizan en esta p\u00e1gina web: Ayrmed.com.<\/p>\n<h2 style=\"text-align: justify;\">\u00bfQu\u00e9 son las cookies?<\/h2>\n<p style=\"text-align: justify;\">Una cookie es un peque\u00f1o fragmento de texto que los sitios web que visita env\u00edan al navegador y que permite que el sitio web recuerde informaci\u00f3n sobre su visita, como su idioma preferido y otras opciones, con el fin de facilitar su pr\u00f3xima visita y hacer que el sitio le resulte m\u00e1s \u00fatil. Las cookies desempe\u00f1an un papel muy importante y contribuyen a tener una mejor experiencia de navegaci\u00f3n para el usuario. Si desea consultar m\u00e1s informaci\u00f3n sobre qu\u00e9 son las <em>cookies<\/em>, qu\u00e9 almacenan, c\u00f3mo eliminarlas, desactivarlas, etc., <a href=\"https:\/\/www.ayrmed.com\/editorial\/mas-informacion-sobre-las-cookies\/\" target=\"_blank\" rel=\"noopener noreferrer\">le rogamos se dirija a este enlace.<\/a><\/p>\n<h2 style=\"text-align: justify;\">Tipos de cookies<\/h2>\n<p style=\"text-align: justify;\">Seg\u00fan qui\u00e9n sea la entidad que gestione el dominio desde d\u00f3nde se env\u00edan las cookies y se traten los datos que se obtengan, se pueden distinguir dos tipos: cookies propias y cookies de terceros.<\/p>\n<p style=\"text-align: justify;\">Existe tambi\u00e9n una segunda clasificaci\u00f3n seg\u00fan el plazo de tiempo que permanecen almacenadas en el navegador del cliente, pudiendo tratarse de cookies de sesi\u00f3n o cookies persistentes.<\/p>\n<p style=\"text-align: justify;\">Por \u00faltimo, existe otra clasificaci\u00f3n con cinco tipos de cookies seg\u00fan la finalidad para la que se traten los datos obtenidos: cookies t\u00e9cnicas, cookies de personalizaci\u00f3n, cookies de an\u00e1lisis, cookies publicitarias y cookies de publicidad comportamental.<\/p>\n<p style=\"text-align: justify;\">Para m\u00e1s informaci\u00f3n a este respecto puede consultar la Gu\u00eda sobre el uso de las cookies de la Agencia Espa\u00f1ola de Protecci\u00f3n de Datos.<\/p>\n<h2 style=\"text-align: justify;\">Cookies utilizadas en la web<\/h2>\n<p style=\"text-align: justify;\">A continuaci\u00f3n se identifican las cookies que est\u00e1n siendo utilizadas en este portal as\u00ed como su tipolog\u00eda y funci\u00f3n:<\/p>\n<p style=\"text-align: justify;\"><strong>Google Analytics:<\/strong> un servicio de anal\u00edtica web desarrollada por Google, que permite la medici\u00f3n y an\u00e1lisis de la navegaci\u00f3n en las p\u00e1ginas web. En su navegador podr\u00e1 observar cookies de este servicio. Seg\u00fan la tipolog\u00eda anterior se trata de cookies propias, de sesi\u00f3n y de an\u00e1lisis.<\/p>\n<p style=\"text-align: justify;\">A trav\u00e9s de la anal\u00edtica web se obtiene informaci\u00f3n relativa al n\u00famero de usuarios que acceden a la web, el n\u00famero de p\u00e1ginas vistas, la frecuencia y repetici\u00f3n de las visitas, su duraci\u00f3n, el navegador utilizado, el operador que presta el servicio, el idioma, el terminal que utiliza y la ciudad a la que est\u00e1 asignada su direcci\u00f3n IP. Informaci\u00f3n que posibilita un mejor y m\u00e1s apropiado servicio por parte de este portal.<\/p>\n<p style=\"text-align: justify;\">Para garantizar el anonimato, Google convertir\u00e1 su informaci\u00f3n en an\u00f3nima truncando la direcci\u00f3n IP antes de almacenarla, de forma que Google Analytics no se usa para localizar o recabar informaci\u00f3n personal identificable de los visitantes del sitio. Google solo podr\u00e1 enviar la informaci\u00f3n recabada por Google Analytics a terceros cuanto est\u00e9 legalmente obligado a ello. Con arreglo a las condiciones de prestaci\u00f3n del servicio de Google Analytics, Google no asociar\u00e1 su direcci\u00f3n IP a ning\u00fan otro dato conservado por Google.<\/p>\n<p style=\"text-align: justify;\"><strong>WordPress:<\/strong> esta p\u00e1gina web es usuaria de la plataforma de suministro y alojamiento de blogs WordPress, propiedad de la empresa norteamericana Automattic, Inc. A tales efectos, el uso de tales cookies por los sistemas nunca est\u00e1 bajo control o gesti\u00f3n del responsable de la web, pueden cambiar su funci\u00f3n en cualquier momento, y entrar cookies nuevas.<\/p>\n<p style=\"text-align: justify;\">Estas cookies tampoco reportan al responsable de este web beneficio alguno. Automattic, Inc., utiliza adem\u00e1s otras cookies con la finalidad de ayudar a identificar y rastrear a los visitantes de los sitios de WordPress, conocer el uso que hacen del sitio web de Automattic, as\u00ed como sus preferencias de acceso al mismo, tal y como se recoge en el apartado \u201cCookies\u201d de su pol\u00edtica de privacidad.<\/p>\n<p style=\"text-align: justify;\"><strong>Cookies de redes sociales:<\/strong> Las Cookies de redes sociales pueden almacenarse en su navegador mientras navega por esta p\u00e1gina web por ejemplo, cuando utiliza el bot\u00f3n de compartir contenidos de esta p\u00e1gina web en alguna red social.<\/p>\n<p style=\"text-align: justify;\">Las empresas que generan estas cookies correspondientes a las redes sociales que utiliza esta web tienen sus propias pol\u00edticas de cookies:<\/p>\n<ul style=\"text-align: justify;\">\n<li>Facebook:\u00a0<a href=\"https:\/\/www.facebook.com\/help\/\" target=\"_blank\" rel=\"noopener noreferrer\">https:\/\/www.facebook.com\/help\/323540651073243\/<\/a><\/li>\n<li>Linkedin:\u00a0<a href=\"https:\/\/www.linkedin.com\/legal\/privacy-policy?_l=es_ES\" target=\"_blank\" rel=\"noopener noreferrer\">https:\/\/www.linkedin.com\/legal\/privacy-policy?_l=es_ES<\/a><\/li>\n<li>Twitter:\u00a0<a href=\"https:\/\/twitter.com\/privacy\" target=\"_blank\" rel=\"noopener noreferrer\">https:\/\/twitter.com\/privacy<\/a><\/li>\n<li>Youtube:\u00a0<a href=\"https:\/\/policies.google.com\/privacy?hl=es&amp;gl=es\" target=\"_blank\" rel=\"noopener noreferrer\">https:\/\/policies.google.com\/privacy?hl=es&amp;gl=es<\/a><\/li>\n<li>Instagram:<a href=\"https:\/\/help.instagram.com\/155833707900388\" target=\"_blank\" rel=\"noopener noreferrer\">\u00a0https:\/\/help.instagram.com\/155833707900388<\/a><\/li>\n<\/ul>\n<p style=\"text-align: justify;\">Las implicaciones de privacidad estar\u00e1n en funci\u00f3n a cada red social y depender\u00e1n de la configuraci\u00f3n de privacidad que ha elegido en estas redes. En ning\u00fan caso, ni el responsable de esta web ni los anunciantes pueden obtener informaci\u00f3n personal identificable de estas cookies.<\/p>\n<h2 style=\"text-align: justify;\">Aceptaci\u00f3n de la pol\u00edtica de cookies<\/h2>\n<p style=\"text-align: justify;\">Pulsando el bot\u00f3n Entendido se asume que usted acepta el uso de cookies.<\/p>\n<h2 style=\"text-align: justify;\">C\u00f3mo modificar la configuraci\u00f3n de las cookies<\/h2>\n<p style=\"text-align: justify;\">Usted puede restringir, bloquear o borrar las cookies de esta p\u00e1gina web o cualquier otra utilizando su navegador. En cada navegador la operativa es diferente, la funci\u00f3n de \u00abAyuda\u00bb le mostrar\u00e1 c\u00f3mo hacerlo. <a href=\"https:\/\/www.ayrmed.com\/editorial\/mas-informacion-sobre-las-cookies\/#navegadores\">Aqu\u00ed le dejamos una gu\u00eda r\u00e1pida para los navegadores m\u00e1s populares<\/a>.<\/p>\n<p>Actualizado a 19 de marzo de 2019.<\/p>\n","protected":false},"excerpt":{"rendered":"<p>La presente pol\u00edtica de cookies tiene por finalidad informarle de manera clara y precisa sobre las cookies que se utilizan en esta p\u00e1gina web: Ayrmed.com. \u00bfQu\u00e9 son las cookies? Una cookie es un peque\u00f1o fragmento de texto que los sitios web que visita env\u00edan al navegador y que permite que el sitio web recuerde informaci\u00f3n [&hellip;]<\/p>\n","protected":false},"author":1,"featured_media":0,"parent":7,"menu_order":0,"comment_status":"closed","ping_status":"closed","template":"","meta":{"site-sidebar-layout":"default","site-content-layout":"","ast-site-content-layout":"default","site-content-style":"default","site-sidebar-style":"default","ast-global-header-display":"","ast-banner-title-visibility":"","ast-main-header-display":"","ast-hfb-above-header-display":"","ast-hfb-below-header-display":"","ast-hfb-mobile-header-display":"","site-post-title":"","ast-breadcrumbs-content":"","ast-featured-img":"","footer-sml-layout":"","ast-disable-related-posts":"","theme-transparent-header-meta":"","adv-header-id-meta":"","stick-header-meta":"","header-above-stick-meta":"","header-main-stick-meta":"","header-below-stick-meta":"","astra-migrate-meta-layouts":"default","ast-page-background-enabled":"default","ast-page-background-meta":{"desktop":{"background-color":"","background-image":"","background-repeat":"repeat","background-position":"center center","background-size":"auto","background-attachment":"scroll","background-type":"","background-media":"","overlay-type":"","overlay-color":"","overlay-opacity":"","overlay-gradient":""},"tablet":{"background-color":"","background-image":"","background-repeat":"repeat","background-position":"center center","background-size":"auto","background-attachment":"scroll","background-type":"","background-media":"","overlay-type":"","overlay-color":"","overlay-opacity":"","overlay-gradient":""},"mobile":{"background-color":"","background-image":"","background-repeat":"repeat","background-position":"center center","background-size":"auto","background-attachment":"scroll","background-type":"","background-media":"","overlay-type":"","overlay-color":"","overlay-opacity":"","overlay-gradient":""}},"ast-content-background-meta":{"desktop":{"background-color":"var(--ast-global-color-5)","background-image":"","background-repeat":"repeat","background-position":"center center","background-size":"auto","background-attachment":"scroll","background-type":"","background-media":"","overlay-type":"","overlay-color":"","overlay-opacity":"","overlay-gradient":""},"tablet":{"background-color":"var(--ast-global-color-5)","background-image":"","background-repeat":"repeat","background-position":"center center","background-size":"auto","background-attachment":"scroll","background-type":"","background-media":"","overlay-type":"","overlay-color":"","overlay-opacity":"","overlay-gradient":""},"mobile":{"background-color":"var(--ast-global-color-5)","background-image":"","background-repeat":"repeat","background-position":"center center","background-size":"auto","background-attachment":"scroll","background-type":"","background-media":"","overlay-type":"","overlay-color":"","overlay-opacity":"","overlay-gradient":""}},"footnotes":""},"class_list":["post-367","page","type-page","status-publish","hentry"],"yoast_head":"<!-- This site is optimized with the Yoast SEO plugin v27.5 - https:\/\/yoast.com\/product\/yoast-seo-wordpress\/ -->\n<title>Pol\u00edtica de cookies<\/title>\n<meta name=\"robots\" content=\"index, follow, max-snippet:-1, max-image-preview:large, max-video-preview:-1\" \/>\n<link rel=\"canonical\" href=\"https:\/\/www.ayrmed.com\/editorial\/ayrmed\/politica-de-cookies\/\" \/>\n<meta property=\"og:locale\" content=\"es_ES\" \/>\n<meta property=\"og:type\" content=\"article\" \/>\n<meta property=\"og:title\" content=\"Pol\u00edtica de cookies\" \/>\n<meta property=\"og:description\" content=\"La presente pol\u00edtica de cookies tiene por finalidad informarle de manera clara y precisa sobre las cookies que se utilizan en esta p\u00e1gina web: Ayrmed.com. \u00bfQu\u00e9 son las cookies? Una cookie es un peque\u00f1o fragmento de texto que los sitios web que visita env\u00edan al navegador y que permite que el sitio web recuerde informaci\u00f3n [&hellip;]\" \/>\n<meta property=\"og:url\" content=\"https:\/\/www.ayrmed.com\/editorial\/ayrmed\/politica-de-cookies\/\" \/>\n<meta property=\"og:site_name\" content=\"Ayrmed.com\" \/>\n<meta property=\"article:publisher\" content=\"https:\/\/www.facebook.com\/Dr.AntonioFerrandez\/\" \/>\n<meta property=\"article:modified_time\" content=\"2021-03-13T18:00:59+00:00\" \/>\n<meta name=\"twitter:label1\" content=\"Tiempo de lectura\" \/>\n\t<meta name=\"twitter:data1\" content=\"4 minutos\" \/>\n<script type=\"application\/ld+json\" class=\"yoast-schema-graph\">{\"@context\":\"https:\\\/\\\/schema.org\",\"@graph\":[{\"@type\":\"WebPage\",\"@id\":\"https:\\\/\\\/www.ayrmed.com\\\/editorial\\\/ayrmed\\\/politica-de-cookies\\\/\",\"url\":\"https:\\\/\\\/www.ayrmed.com\\\/editorial\\\/ayrmed\\\/politica-de-cookies\\\/\",\"name\":\"Pol\u00edtica de cookies\",\"isPartOf\":{\"@id\":\"https:\\\/\\\/www.ayrmed.com\\\/editorial\\\/#website\"},\"datePublished\":\"2015-08-06T14:31:33+00:00\",\"dateModified\":\"2021-03-13T18:00:59+00:00\",\"breadcrumb\":{\"@id\":\"https:\\\/\\\/www.ayrmed.com\\\/editorial\\\/ayrmed\\\/politica-de-cookies\\\/#breadcrumb\"},\"inLanguage\":\"es\",\"potentialAction\":[{\"@type\":\"ReadAction\",\"target\":[\"https:\\\/\\\/www.ayrmed.com\\\/editorial\\\/ayrmed\\\/politica-de-cookies\\\/\"]}]},{\"@type\":\"BreadcrumbList\",\"@id\":\"https:\\\/\\\/www.ayrmed.com\\\/editorial\\\/ayrmed\\\/politica-de-cookies\\\/#breadcrumb\",\"itemListElement\":[{\"@type\":\"ListItem\",\"position\":1,\"name\":\"Portada\",\"item\":\"https:\\\/\\\/www.ayrmed.com\\\/editorial\\\/\"},{\"@type\":\"ListItem\",\"position\":2,\"name\":\"Contacto\",\"item\":\"https:\\\/\\\/www.ayrmed.com\\\/editorial\\\/ayrmed\\\/\"},{\"@type\":\"ListItem\",\"position\":3,\"name\":\"Pol\u00edtica de cookies\"}]},{\"@type\":\"WebSite\",\"@id\":\"https:\\\/\\\/www.ayrmed.com\\\/editorial\\\/#website\",\"url\":\"https:\\\/\\\/www.ayrmed.com\\\/editorial\\\/\",\"name\":\"Ayrmed.com\",\"description\":\"Avances y Renovaci\u00f3n en Medicina\",\"publisher\":{\"@id\":\"https:\\\/\\\/www.ayrmed.com\\\/editorial\\\/#organization\"},\"potentialAction\":[{\"@type\":\"SearchAction\",\"target\":{\"@type\":\"EntryPoint\",\"urlTemplate\":\"https:\\\/\\\/www.ayrmed.com\\\/editorial\\\/?s={search_term_string}\"},\"query-input\":{\"@type\":\"PropertyValueSpecification\",\"valueRequired\":true,\"valueName\":\"search_term_string\"}}],\"inLanguage\":\"es\"},{\"@type\":\"Organization\",\"@id\":\"https:\\\/\\\/www.ayrmed.com\\\/editorial\\\/#organization\",\"name\":\"Ayrmed.com\",\"url\":\"https:\\\/\\\/www.ayrmed.com\\\/editorial\\\/\",\"logo\":{\"@type\":\"ImageObject\",\"inLanguage\":\"es\",\"@id\":\"https:\\\/\\\/www.ayrmed.com\\\/editorial\\\/#\\\/schema\\\/logo\\\/image\\\/\",\"url\":\"https:\\\/\\\/www.ayrmed.com\\\/editorial\\\/wp-content\\\/uploads\\\/2020\\\/01\\\/cropped-logo-ayrmed-10.png\",\"contentUrl\":\"https:\\\/\\\/www.ayrmed.com\\\/editorial\\\/wp-content\\\/uploads\\\/2020\\\/01\\\/cropped-logo-ayrmed-10.png\",\"width\":462,\"height\":148,\"caption\":\"Ayrmed.com\"},\"image\":{\"@id\":\"https:\\\/\\\/www.ayrmed.com\\\/editorial\\\/#\\\/schema\\\/logo\\\/image\\\/\"},\"sameAs\":[\"https:\\\/\\\/www.facebook.com\\\/Dr.AntonioFerrandez\\\/\",\"https:\\\/\\\/x.com\\\/editorialayrmed\",\"https:\\\/\\\/www.linkedin.com\\\/in\\\/antonio-ferrandez-infante\\\/\",\"https:\\\/\\\/www.pinterest.es\\\/ayrmed\",\"https:\\\/\\\/www.youtube.com\\\/channel\\\/UCLTv0c5lrbhVHCij5-z835w\"]}]}<\/script>\n<!-- \/ Yoast SEO plugin. -->","yoast_head_json":{"title":"Pol\u00edtica de cookies","robots":{"index":"index","follow":"follow","max-snippet":"max-snippet:-1","max-image-preview":"max-image-preview:large","max-video-preview":"max-video-preview:-1"},"canonical":"https:\/\/www.ayrmed.com\/editorial\/ayrmed\/politica-de-cookies\/","og_locale":"es_ES","og_type":"article","og_title":"Pol\u00edtica de cookies","og_description":"La presente pol\u00edtica de cookies tiene por finalidad informarle de manera clara y precisa sobre las cookies que se utilizan en esta p\u00e1gina web: Ayrmed.com. \u00bfQu\u00e9 son las cookies? Una cookie es un peque\u00f1o fragmento de texto que los sitios web que visita env\u00edan al navegador y que permite que el sitio web recuerde informaci\u00f3n [&hellip;]","og_url":"https:\/\/www.ayrmed.com\/editorial\/ayrmed\/politica-de-cookies\/","og_site_name":"Ayrmed.com","article_publisher":"https:\/\/www.facebook.com\/Dr.AntonioFerrandez\/","article_modified_time":"2021-03-13T18:00:59+00:00","twitter_misc":{"Tiempo de lectura":"4 minutos"},"schema":{"@context":"https:\/\/schema.org","@graph":[{"@type":"WebPage","@id":"https:\/\/www.ayrmed.com\/editorial\/ayrmed\/politica-de-cookies\/","url":"https:\/\/www.ayrmed.com\/editorial\/ayrmed\/politica-de-cookies\/","name":"Pol\u00edtica de cookies","isPartOf":{"@id":"https:\/\/www.ayrmed.com\/editorial\/#website"},"datePublished":"2015-08-06T14:31:33+00:00","dateModified":"2021-03-13T18:00:59+00:00","breadcrumb":{"@id":"https:\/\/www.ayrmed.com\/editorial\/ayrmed\/politica-de-cookies\/#breadcrumb"},"inLanguage":"es","potentialAction":[{"@type":"ReadAction","target":["https:\/\/www.ayrmed.com\/editorial\/ayrmed\/politica-de-cookies\/"]}]},{"@type":"BreadcrumbList","@id":"https:\/\/www.ayrmed.com\/editorial\/ayrmed\/politica-de-cookies\/#breadcrumb","itemListElement":[{"@type":"ListItem","position":1,"name":"Portada","item":"https:\/\/www.ayrmed.com\/editorial\/"},{"@type":"ListItem","position":2,"name":"Contacto","item":"https:\/\/www.ayrmed.com\/editorial\/ayrmed\/"},{"@type":"ListItem","position":3,"name":"Pol\u00edtica de cookies"}]},{"@type":"WebSite","@id":"https:\/\/www.ayrmed.com\/editorial\/#website","url":"https:\/\/www.ayrmed.com\/editorial\/","name":"Ayrmed.com","description":"Avances y Renovaci\u00f3n en Medicina","publisher":{"@id":"https:\/\/www.ayrmed.com\/editorial\/#organization"},"potentialAction":[{"@type":"SearchAction","target":{"@type":"EntryPoint","urlTemplate":"https:\/\/www.ayrmed.com\/editorial\/?s={search_term_string}"},"query-input":{"@type":"PropertyValueSpecification","valueRequired":true,"valueName":"search_term_string"}}],"inLanguage":"es"},{"@type":"Organization","@id":"https:\/\/www.ayrmed.com\/editorial\/#organization","name":"Ayrmed.com","url":"https:\/\/www.ayrmed.com\/editorial\/","logo":{"@type":"ImageObject","inLanguage":"es","@id":"https:\/\/www.ayrmed.com\/editorial\/#\/schema\/logo\/image\/","url":"https:\/\/www.ayrmed.com\/editorial\/wp-content\/uploads\/2020\/01\/cropped-logo-ayrmed-10.png","contentUrl":"https:\/\/www.ayrmed.com\/editorial\/wp-content\/uploads\/2020\/01\/cropped-logo-ayrmed-10.png","width":462,"height":148,"caption":"Ayrmed.com"},"image":{"@id":"https:\/\/www.ayrmed.com\/editorial\/#\/schema\/logo\/image\/"},"sameAs":["https:\/\/www.facebook.com\/Dr.AntonioFerrandez\/","https:\/\/x.com\/editorialayrmed","https:\/\/www.linkedin.com\/in\/antonio-ferrandez-infante\/","https:\/\/www.pinterest.es\/ayrmed","https:\/\/www.youtube.com\/channel\/UCLTv0c5lrbhVHCij5-z835w"]}]}},"_links":{"self":[{"href":"https:\/\/www.ayrmed.com\/editorial\/wp-json\/wp\/v2\/pages\/367","targetHints":{"allow":["GET"]}}],"collection":[{"href":"https:\/\/www.ayrmed.com\/editorial\/wp-json\/wp\/v2\/pages"}],"about":[{"href":"https:\/\/www.ayrmed.com\/editorial\/wp-json\/wp\/v2\/types\/page"}],"author":[{"embeddable":true,"href":"https:\/\/www.ayrmed.com\/editorial\/wp-json\/wp\/v2\/users\/1"}],"replies":[{"embeddable":true,"href":"https:\/\/www.ayrmed.com\/editorial\/wp-json\/wp\/v2\/comments?post=367"}],"version-history":[{"count":2,"href":"https:\/\/www.ayrmed.com\/editorial\/wp-json\/wp\/v2\/pages\/367\/revisions"}],"predecessor-version":[{"id":2183,"href":"https:\/\/www.ayrmed.com\/editorial\/wp-json\/wp\/v2\/pages\/367\/revisions\/2183"}],"up":[{"embeddable":true,"href":"https:\/\/www.ayrmed.com\/editorial\/wp-json\/wp\/v2\/pages\/7"}],"wp:attachment":[{"href":"https:\/\/www.ayrmed.com\/editorial\/wp-json\/wp\/v2\/media?parent=367"}],"curies":[{"name":"wp","href":"https:\/\/api.w.org\/{rel}","templated":true}]}}