{"id":266964,"date":"2025-09-02T12:48:10","date_gmt":"2025-09-02T11:48:10","guid":{"rendered":"https:\/\/www.ayrmed.com\/editorial\/?page_id=266964"},"modified":"2025-11-10T16:35:52","modified_gmt":"2025-11-10T15:35:52","slug":"msuscripcion","status":"publish","type":"page","link":"https:\/\/www.ayrmed.com\/editorial\/msuscripcion\/","title":{"rendered":""},"content":{"rendered":"<h3 style=\"text-align: center;\"><span style=\"color: #000000;\"><strong>Web Oficial<\/strong><\/span><\/h3>\n<h3 style=\"text-align: center;\"><span style=\"color: #ff0000;\">Dr. Antonio Ferr\u00e1ndez MD &#8211; PhD<\/span><\/h3>\n<h3 style=\"text-align: center;\"><span style=\"color: #000000;\">Desde 2001 atendiendo SALUD FEMENINA<\/span><\/h3>\n<h3 style=\"text-align: center;\"><span style=\"color: #000000;\">+ Intimidad y conexi\u00f3n en pareja<\/span><\/h3>\n<h3 style=\"text-align: center;\"><span style=\"color: #000000;\">\u00a0+ Miles de seguidores\/as<\/span><\/h3>\n<h3 style=\"text-align: center;\">Reg\u00edstrate hoy y recibe:<\/h3>\n<ul>\n<li>Acceso a 8 test de evaluaci\u00f3n de tu funci\u00f3n sexual, calidad de tu relaci\u00f3n de Pareja y Salud.<\/li>\n<li>Hacks semanales para maximizar tu bienestar relacional, estado de \u00e1nimo y vitalidad. Gratis y directos a tu email.<\/li>\n<li>Acceso a productos y servicios exclusivos<\/li>\n<li>Un regalo sorpresa<\/li>\n<\/ul>\n<p style=\"text-align: center;\"><img loading=\"lazy\" decoding=\"async\" class=\"aligncenter size-full wp-image-1493\" src=\"https:\/\/www.ayrmed.com\/editorial\/wp-content\/uploads\/2019\/03\/sep2.jpg\" alt=\"\" width=\"500\" height=\"13\" srcset=\"https:\/\/www.ayrmed.com\/editorial\/wp-content\/uploads\/2019\/03\/sep2.jpg 500w, https:\/\/www.ayrmed.com\/editorial\/wp-content\/uploads\/2019\/03\/sep2-300x8.jpg 300w\" sizes=\"auto, (max-width: 500px) 100vw, 500px\" \/><\/p>\n<div style=\"text-align: center;\">\n<form method=\"post\" action=\"https:\/\/www.ayrmed.com\/editorial\/wp-admin\/admin-ajax.php?action=tnp&amp;na=s\" class=\"tnp-subscription\" style=\"\">\n<input type='hidden' name='nl[]' value='1'>\n<input type='hidden' name='nl[]' value='3'>\n<input type=\"hidden\" name=\"nlang\" value=\"\">\n<br \/>\n<div class=\"tnp-field tnp-field-email\"><label for=\"tnp-1\">Su mejor email:<\/label>\n<input class=\"tnp-email\" type=\"email\" name=\"ne\" id=\"tnp-1\" value=\"\" placeholder=\"\" required><\/div>\n<br \/>\n<div class=\"tnp-field tnp-field-checkbox tnp-field-privacy\"><input type=\"checkbox\" name=\"ny\" required class=\"tnp-privacy\" id=\"tnp-2\"> <label for=\"tnp-2\"><a target=\"_blank\" href=\"https:\/\/www.ayrmed.com\/editorial\/privacidad\/\">He le\u00eddo y acepto la pol\u00edtica de privacidad<\/a><\/label><\/div><br \/>\n<div class=\"tnp-field tnp-field-button\" style=\"text-align: left\"><input class=\"tnp-submit\" type=\"submit\" value=\"Enviar\" style=\"\">\n<\/div>\n<\/form>\n<\/div>\n<p style=\"text-align: justify;\"><small>Para cumplir con el RGPD (Reglamento General de Protecci\u00f3n de Datos) y entender que tus datos est\u00e1n seguros, debes leer y aceptar la pol\u00edtica de privacidad. Tus datos ser\u00e1n guardados en Acumbamail, proveedor de email marketing. Acumbamail tambi\u00e9n cumple con el RGPD, as\u00ed que todo est\u00e1 protegido y amparado por la ley.<\/small><\/p>\n<p><img loading=\"lazy\" decoding=\"async\" class=\"aligncenter size-full wp-image-1493\" src=\"https:\/\/www.ayrmed.com\/editorial\/wp-content\/uploads\/2019\/03\/sep2.jpg\" alt=\"\" width=\"500\" height=\"13\" srcset=\"https:\/\/www.ayrmed.com\/editorial\/wp-content\/uploads\/2019\/03\/sep2.jpg 500w, https:\/\/www.ayrmed.com\/editorial\/wp-content\/uploads\/2019\/03\/sep2-300x8.jpg 300w\" sizes=\"auto, (max-width: 500px) 100vw, 500px\" \/><\/p>\n","protected":false},"excerpt":{"rendered":"<p>Web Oficial Dr. Antonio Ferr\u00e1ndez MD &#8211; PhD Desde 2001 atendiendo SALUD FEMENINA + Intimidad y conexi\u00f3n en pareja \u00a0+ Miles de seguidores\/as Reg\u00edstrate hoy y recibe: Acceso a 8 test de evaluaci\u00f3n de tu funci\u00f3n sexual, calidad de tu relaci\u00f3n de Pareja y Salud. Hacks semanales para maximizar tu bienestar relacional, estado de \u00e1nimo [&hellip;]<\/p>\n","protected":false},"author":1,"featured_media":0,"parent":0,"menu_order":0,"comment_status":"closed","ping_status":"closed","template":"","meta":{"site-sidebar-layout":"default","site-content-layout":"","ast-site-content-layout":"default","site-content-style":"default","site-sidebar-style":"default","ast-global-header-display":"","ast-banner-title-visibility":"","ast-main-header-display":"","ast-hfb-above-header-display":"","ast-hfb-below-header-display":"","ast-hfb-mobile-header-display":"","site-post-title":"","ast-breadcrumbs-content":"","ast-featured-img":"","footer-sml-layout":"","ast-disable-related-posts":"","theme-transparent-header-meta":"default","adv-header-id-meta":"","stick-header-meta":"","header-above-stick-meta":"","header-main-stick-meta":"","header-below-stick-meta":"","astra-migrate-meta-layouts":"set","ast-page-background-enabled":"default","ast-page-background-meta":{"desktop":{"background-color":"","background-image":"","background-repeat":"repeat","background-position":"center center","background-size":"auto","background-attachment":"scroll","background-type":"","background-media":"","overlay-type":"","overlay-color":"","overlay-opacity":"","overlay-gradient":""},"tablet":{"background-color":"","background-image":"","background-repeat":"repeat","background-position":"center center","background-size":"auto","background-attachment":"scroll","background-type":"","background-media":"","overlay-type":"","overlay-color":"","overlay-opacity":"","overlay-gradient":""},"mobile":{"background-color":"","background-image":"","background-repeat":"repeat","background-position":"center center","background-size":"auto","background-attachment":"scroll","background-type":"","background-media":"","overlay-type":"","overlay-color":"","overlay-opacity":"","overlay-gradient":""}},"ast-content-background-meta":{"desktop":{"background-color":"var(--ast-global-color-5)","background-image":"","background-repeat":"repeat","background-position":"center center","background-size":"auto","background-attachment":"scroll","background-type":"","background-media":"","overlay-type":"","overlay-color":"","overlay-opacity":"","overlay-gradient":""},"tablet":{"background-color":"var(--ast-global-color-5)","background-image":"","background-repeat":"repeat","background-position":"center center","background-size":"auto","background-attachment":"scroll","background-type":"","background-media":"","overlay-type":"","overlay-color":"","overlay-opacity":"","overlay-gradient":""},"mobile":{"background-color":"var(--ast-global-color-5)","background-image":"","background-repeat":"repeat","background-position":"center center","background-size":"auto","background-attachment":"scroll","background-type":"","background-media":"","overlay-type":"","overlay-color":"","overlay-opacity":"","overlay-gradient":""}},"footnotes":""},"class_list":["post-266964","page","type-page","status-publish","hentry"],"yoast_head":"<!-- This site is optimized with the Yoast SEO plugin v27.5 - https:\/\/yoast.com\/product\/yoast-seo-wordpress\/ -->\n<title>Dr. Antonio Ferr\u00e1ndez MD PhD - Suscripci\u00f3n Bienestar Femenino<\/title>\n<meta name=\"robots\" content=\"noindex, nofollow\" \/>\n<meta property=\"og:locale\" content=\"es_ES\" \/>\n<meta property=\"og:type\" content=\"article\" \/>\n<meta property=\"og:title\" content=\"Dr. Antonio Ferr\u00e1ndez MD PhD - Suscripci\u00f3n Bienestar Femenino\" \/>\n<meta property=\"og:description\" content=\"Web Oficial Dr. Antonio Ferr\u00e1ndez MD &#8211; PhD Desde 2001 atendiendo SALUD FEMENINA + Intimidad y conexi\u00f3n en pareja \u00a0+ Miles de seguidores\/as Reg\u00edstrate hoy y recibe: Acceso a 8 test de evaluaci\u00f3n de tu funci\u00f3n sexual, calidad de tu relaci\u00f3n de Pareja y Salud. Hacks semanales para maximizar tu bienestar relacional, estado de \u00e1nimo [&hellip;]\" \/>\n<meta property=\"og:url\" content=\"https:\/\/www.ayrmed.com\/editorial\/msuscripcion\/\" \/>\n<meta property=\"og:site_name\" content=\"Ayrmed.com\" \/>\n<meta property=\"article:publisher\" content=\"https:\/\/www.facebook.com\/Dr.AntonioFerrandez\/\" \/>\n<meta property=\"article:modified_time\" content=\"2025-11-10T15:35:52+00:00\" \/>\n<meta property=\"og:image\" content=\"https:\/\/www.ayrmed.com\/editorial\/wp-content\/uploads\/2019\/03\/sep2.jpg\" \/>\n\t<meta property=\"og:image:width\" content=\"500\" \/>\n\t<meta property=\"og:image:height\" content=\"13\" \/>\n\t<meta property=\"og:image:type\" content=\"image\/jpeg\" \/>\n<meta name=\"twitter:label1\" content=\"Tiempo de lectura\" \/>\n\t<meta name=\"twitter:data1\" content=\"2 minutos\" \/>\n<script type=\"application\/ld+json\" class=\"yoast-schema-graph\">{\"@context\":\"https:\\\/\\\/schema.org\",\"@graph\":[{\"@type\":\"WebPage\",\"@id\":\"https:\\\/\\\/www.ayrmed.com\\\/editorial\\\/msuscripcion\\\/\",\"url\":\"https:\\\/\\\/www.ayrmed.com\\\/editorial\\\/msuscripcion\\\/\",\"name\":\"Dr. Antonio Ferr\u00e1ndez MD PhD - Suscripci\u00f3n Bienestar Femenino\",\"isPartOf\":{\"@id\":\"https:\\\/\\\/www.ayrmed.com\\\/editorial\\\/#website\"},\"primaryImageOfPage\":{\"@id\":\"https:\\\/\\\/www.ayrmed.com\\\/editorial\\\/msuscripcion\\\/#primaryimage\"},\"image\":{\"@id\":\"https:\\\/\\\/www.ayrmed.com\\\/editorial\\\/msuscripcion\\\/#primaryimage\"},\"thumbnailUrl\":\"https:\\\/\\\/www.ayrmed.com\\\/editorial\\\/wp-content\\\/uploads\\\/2019\\\/03\\\/sep2.jpg\",\"datePublished\":\"2025-09-02T11:48:10+00:00\",\"dateModified\":\"2025-11-10T15:35:52+00:00\",\"inLanguage\":\"es\",\"potentialAction\":[{\"@type\":\"ReadAction\",\"target\":[\"https:\\\/\\\/www.ayrmed.com\\\/editorial\\\/msuscripcion\\\/\"]}]},{\"@type\":\"ImageObject\",\"inLanguage\":\"es\",\"@id\":\"https:\\\/\\\/www.ayrmed.com\\\/editorial\\\/msuscripcion\\\/#primaryimage\",\"url\":\"https:\\\/\\\/www.ayrmed.com\\\/editorial\\\/wp-content\\\/uploads\\\/2019\\\/03\\\/sep2.jpg\",\"contentUrl\":\"https:\\\/\\\/www.ayrmed.com\\\/editorial\\\/wp-content\\\/uploads\\\/2019\\\/03\\\/sep2.jpg\",\"width\":500,\"height\":13},{\"@type\":\"WebSite\",\"@id\":\"https:\\\/\\\/www.ayrmed.com\\\/editorial\\\/#website\",\"url\":\"https:\\\/\\\/www.ayrmed.com\\\/editorial\\\/\",\"name\":\"Ayrmed.com\",\"description\":\"Avances y Renovaci\u00f3n en Medicina\",\"publisher\":{\"@id\":\"https:\\\/\\\/www.ayrmed.com\\\/editorial\\\/#organization\"},\"potentialAction\":[{\"@type\":\"SearchAction\",\"target\":{\"@type\":\"EntryPoint\",\"urlTemplate\":\"https:\\\/\\\/www.ayrmed.com\\\/editorial\\\/?s={search_term_string}\"},\"query-input\":{\"@type\":\"PropertyValueSpecification\",\"valueRequired\":true,\"valueName\":\"search_term_string\"}}],\"inLanguage\":\"es\"},{\"@type\":\"Organization\",\"@id\":\"https:\\\/\\\/www.ayrmed.com\\\/editorial\\\/#organization\",\"name\":\"Ayrmed.com\",\"url\":\"https:\\\/\\\/www.ayrmed.com\\\/editorial\\\/\",\"logo\":{\"@type\":\"ImageObject\",\"inLanguage\":\"es\",\"@id\":\"https:\\\/\\\/www.ayrmed.com\\\/editorial\\\/#\\\/schema\\\/logo\\\/image\\\/\",\"url\":\"https:\\\/\\\/www.ayrmed.com\\\/editorial\\\/wp-content\\\/uploads\\\/2020\\\/01\\\/cropped-logo-ayrmed-10.png\",\"contentUrl\":\"https:\\\/\\\/www.ayrmed.com\\\/editorial\\\/wp-content\\\/uploads\\\/2020\\\/01\\\/cropped-logo-ayrmed-10.png\",\"width\":462,\"height\":148,\"caption\":\"Ayrmed.com\"},\"image\":{\"@id\":\"https:\\\/\\\/www.ayrmed.com\\\/editorial\\\/#\\\/schema\\\/logo\\\/image\\\/\"},\"sameAs\":[\"https:\\\/\\\/www.facebook.com\\\/Dr.AntonioFerrandez\\\/\",\"https:\\\/\\\/x.com\\\/editorialayrmed\",\"https:\\\/\\\/www.linkedin.com\\\/in\\\/antonio-ferrandez-infante\\\/\",\"https:\\\/\\\/www.pinterest.es\\\/ayrmed\",\"https:\\\/\\\/www.youtube.com\\\/channel\\\/UCLTv0c5lrbhVHCij5-z835w\"]}]}<\/script>\n<!-- \/ Yoast SEO plugin. -->","yoast_head_json":{"title":"Dr. Antonio Ferr\u00e1ndez MD PhD - Suscripci\u00f3n Bienestar Femenino","robots":{"index":"noindex","follow":"nofollow"},"og_locale":"es_ES","og_type":"article","og_title":"Dr. Antonio Ferr\u00e1ndez MD PhD - Suscripci\u00f3n Bienestar Femenino","og_description":"Web Oficial Dr. Antonio Ferr\u00e1ndez MD &#8211; PhD Desde 2001 atendiendo SALUD FEMENINA + Intimidad y conexi\u00f3n en pareja \u00a0+ Miles de seguidores\/as Reg\u00edstrate hoy y recibe: Acceso a 8 test de evaluaci\u00f3n de tu funci\u00f3n sexual, calidad de tu relaci\u00f3n de Pareja y Salud. Hacks semanales para maximizar tu bienestar relacional, estado de \u00e1nimo [&hellip;]","og_url":"https:\/\/www.ayrmed.com\/editorial\/msuscripcion\/","og_site_name":"Ayrmed.com","article_publisher":"https:\/\/www.facebook.com\/Dr.AntonioFerrandez\/","article_modified_time":"2025-11-10T15:35:52+00:00","og_image":[{"width":500,"height":13,"url":"https:\/\/www.ayrmed.com\/editorial\/wp-content\/uploads\/2019\/03\/sep2.jpg","type":"image\/jpeg"}],"twitter_misc":{"Tiempo de lectura":"2 minutos"},"schema":{"@context":"https:\/\/schema.org","@graph":[{"@type":"WebPage","@id":"https:\/\/www.ayrmed.com\/editorial\/msuscripcion\/","url":"https:\/\/www.ayrmed.com\/editorial\/msuscripcion\/","name":"Dr. Antonio Ferr\u00e1ndez MD PhD - Suscripci\u00f3n Bienestar Femenino","isPartOf":{"@id":"https:\/\/www.ayrmed.com\/editorial\/#website"},"primaryImageOfPage":{"@id":"https:\/\/www.ayrmed.com\/editorial\/msuscripcion\/#primaryimage"},"image":{"@id":"https:\/\/www.ayrmed.com\/editorial\/msuscripcion\/#primaryimage"},"thumbnailUrl":"https:\/\/www.ayrmed.com\/editorial\/wp-content\/uploads\/2019\/03\/sep2.jpg","datePublished":"2025-09-02T11:48:10+00:00","dateModified":"2025-11-10T15:35:52+00:00","inLanguage":"es","potentialAction":[{"@type":"ReadAction","target":["https:\/\/www.ayrmed.com\/editorial\/msuscripcion\/"]}]},{"@type":"ImageObject","inLanguage":"es","@id":"https:\/\/www.ayrmed.com\/editorial\/msuscripcion\/#primaryimage","url":"https:\/\/www.ayrmed.com\/editorial\/wp-content\/uploads\/2019\/03\/sep2.jpg","contentUrl":"https:\/\/www.ayrmed.com\/editorial\/wp-content\/uploads\/2019\/03\/sep2.jpg","width":500,"height":13},{"@type":"WebSite","@id":"https:\/\/www.ayrmed.com\/editorial\/#website","url":"https:\/\/www.ayrmed.com\/editorial\/","name":"Ayrmed.com","description":"Avances y Renovaci\u00f3n en Medicina","publisher":{"@id":"https:\/\/www.ayrmed.com\/editorial\/#organization"},"potentialAction":[{"@type":"SearchAction","target":{"@type":"EntryPoint","urlTemplate":"https:\/\/www.ayrmed.com\/editorial\/?s={search_term_string}"},"query-input":{"@type":"PropertyValueSpecification","valueRequired":true,"valueName":"search_term_string"}}],"inLanguage":"es"},{"@type":"Organization","@id":"https:\/\/www.ayrmed.com\/editorial\/#organization","name":"Ayrmed.com","url":"https:\/\/www.ayrmed.com\/editorial\/","logo":{"@type":"ImageObject","inLanguage":"es","@id":"https:\/\/www.ayrmed.com\/editorial\/#\/schema\/logo\/image\/","url":"https:\/\/www.ayrmed.com\/editorial\/wp-content\/uploads\/2020\/01\/cropped-logo-ayrmed-10.png","contentUrl":"https:\/\/www.ayrmed.com\/editorial\/wp-content\/uploads\/2020\/01\/cropped-logo-ayrmed-10.png","width":462,"height":148,"caption":"Ayrmed.com"},"image":{"@id":"https:\/\/www.ayrmed.com\/editorial\/#\/schema\/logo\/image\/"},"sameAs":["https:\/\/www.facebook.com\/Dr.AntonioFerrandez\/","https:\/\/x.com\/editorialayrmed","https:\/\/www.linkedin.com\/in\/antonio-ferrandez-infante\/","https:\/\/www.pinterest.es\/ayrmed","https:\/\/www.youtube.com\/channel\/UCLTv0c5lrbhVHCij5-z835w"]}]}},"_links":{"self":[{"href":"https:\/\/www.ayrmed.com\/editorial\/wp-json\/wp\/v2\/pages\/266964","targetHints":{"allow":["GET"]}}],"collection":[{"href":"https:\/\/www.ayrmed.com\/editorial\/wp-json\/wp\/v2\/pages"}],"about":[{"href":"https:\/\/www.ayrmed.com\/editorial\/wp-json\/wp\/v2\/types\/page"}],"author":[{"embeddable":true,"href":"https:\/\/www.ayrmed.com\/editorial\/wp-json\/wp\/v2\/users\/1"}],"replies":[{"embeddable":true,"href":"https:\/\/www.ayrmed.com\/editorial\/wp-json\/wp\/v2\/comments?post=266964"}],"version-history":[{"count":9,"href":"https:\/\/www.ayrmed.com\/editorial\/wp-json\/wp\/v2\/pages\/266964\/revisions"}],"predecessor-version":[{"id":266993,"href":"https:\/\/www.ayrmed.com\/editorial\/wp-json\/wp\/v2\/pages\/266964\/revisions\/266993"}],"wp:attachment":[{"href":"https:\/\/www.ayrmed.com\/editorial\/wp-json\/wp\/v2\/media?parent=266964"}],"curies":[{"name":"wp","href":"https:\/\/api.w.org\/{rel}","templated":true}]}}