{"id":1584,"date":"2019-04-03T14:41:27","date_gmt":"2019-04-03T13:41:27","guid":{"rendered":"https:\/\/www.ayrmed.com\/editorial\/?page_id=1584"},"modified":"2021-09-25T19:00:48","modified_gmt":"2021-09-25T18:00:48","slug":"consulta-medica","status":"publish","type":"page","link":"https:\/\/www.ayrmed.com\/editorial\/consulta-medica\/","title":{"rendered":"Servicio 1\u00aa Consulta gratis"},"content":{"rendered":"<p style=\"text-align: center;\"><span style=\"color: #339966;\"><strong>1\u00aa consulta gratis Actualmente Disponible <\/strong><small><\/small><\/span><\/p>\n<p style=\"text-align: center;\"><a href=\"https:\/\/www.ayrmed.com\/editorial\/contratar-hablamos\/\"><img loading=\"lazy\" decoding=\"async\" class=\"alignnone size-full wp-image-2282\" src=\"https:\/\/www.ayrmed.com\/editorial\/wp-content\/uploads\/2021\/09\/reservar2.png\" alt=\"reservar consulta m\u00e9dica online\" width=\"200\" height=\"92\"><\/a><\/p>\n<p>El Dr. Antonio Ferr\u00e1ndez le contestar\u00e1 en privado a su email en un plazo m\u00e1ximo de 72 horas. Cuanta m\u00e1s informaci\u00f3n env\u00ede, m\u00e1s completa y personalizada ser\u00e1 la respuesta: edad, estatura, peso actual, enfermedades, y objetivo de peso, figura o salud que desea conseguir, etc.<\/p>\n<p style=\"text-align: justify;\">Actualmente <strong>s\u00f3lo aceptamos mensajes de voz<\/strong> a nuestro WhatsApp que podr\u00e1n ser publicados en nuestras p\u00e1ginas web y\/o redes sociales.<\/p>\n<p style=\"text-align: center;\"><img loading=\"lazy\" decoding=\"async\" class=\"alignnone size-full wp-image-263599\" src=\"https:\/\/www.sexologomedico.com\/wp-content\/uploads\/2019\/03\/sep2.jpg\" alt=\"\" width=\"500\" height=\"13\"><\/p>\n<p style=\"text-align: center;\"><a href=\"http:\/\/wa.link\/aq1ubl\">Pulse para consultar<\/a>&nbsp;\ud83d\udc49 <img loading=\"lazy\" decoding=\"async\" class=\"alignnone wp-image-263673 \" src=\"https:\/\/www.sexologomedico.com\/wp-content\/uploads\/2020\/05\/was2.png\" alt=\"whatsapp\" width=\"30\" height=\"30\">&nbsp;<a href=\"http:\/\/wa.link\/aq1ubl\">+34650495365<\/a><\/p>\n<p style=\"text-align: center;\"><img loading=\"lazy\" decoding=\"async\" class=\"alignnone size-full wp-image-263599\" src=\"https:\/\/www.sexologomedico.com\/wp-content\/uploads\/2019\/03\/sep2.jpg\" alt=\"\" width=\"500\" height=\"13\"><\/p>\n<p style=\"text-align: center;\"><a href=\"https:\/\/www.ayrmed.com\/editorial\/wp-content\/uploads\/2021\/09\/consulta-whatsapp.jpeg\"><img loading=\"lazy\" decoding=\"async\" class=\"alignnone size-full wp-image-2275\" src=\"https:\/\/www.ayrmed.com\/editorial\/wp-content\/uploads\/2021\/09\/consulta-whatsapp.jpeg\" alt=\"consulta whatsapp\" width=\"500\" height=\"333\" srcset=\"https:\/\/www.ayrmed.com\/editorial\/wp-content\/uploads\/2021\/09\/consulta-whatsapp.jpeg 500w, https:\/\/www.ayrmed.com\/editorial\/wp-content\/uploads\/2021\/09\/consulta-whatsapp-300x200.jpeg 300w\" sizes=\"auto, (max-width: 500px) 100vw, 500px\" \/><\/a><\/p>\n","protected":false},"excerpt":{"rendered":"<p>1\u00aa consulta gratis Actualmente Disponible El Dr. Antonio Ferr\u00e1ndez le contestar\u00e1 en privado a su email en un plazo m\u00e1ximo de 72 horas. Cuanta m\u00e1s informaci\u00f3n env\u00ede, m\u00e1s completa y personalizada ser\u00e1 la respuesta: edad, estatura, peso actual, enfermedades, y objetivo de peso, figura o salud que desea conseguir, etc. Actualmente s\u00f3lo aceptamos mensajes de [&hellip;]<\/p>\n","protected":false},"author":1,"featured_media":0,"parent":0,"menu_order":0,"comment_status":"closed","ping_status":"closed","template":"","meta":{"site-sidebar-layout":"default","site-content-layout":"default","ast-site-content-layout":"default","site-content-style":"default","site-sidebar-style":"default","ast-global-header-display":"","ast-banner-title-visibility":"","ast-main-header-display":"","ast-hfb-above-header-display":"","ast-hfb-below-header-display":"","ast-hfb-mobile-header-display":"","site-post-title":"","ast-breadcrumbs-content":"","ast-featured-img":"","footer-sml-layout":"","ast-disable-related-posts":"","theme-transparent-header-meta":"default","adv-header-id-meta":"","stick-header-meta":"","header-above-stick-meta":"","header-main-stick-meta":"","header-below-stick-meta":"","astra-migrate-meta-layouts":"default","ast-page-background-enabled":"default","ast-page-background-meta":{"desktop":{"background-color":"","background-image":"","background-repeat":"repeat","background-position":"center center","background-size":"auto","background-attachment":"scroll","background-type":"","background-media":"","overlay-type":"","overlay-color":"","overlay-opacity":"","overlay-gradient":""},"tablet":{"background-color":"","background-image":"","background-repeat":"repeat","background-position":"center center","background-size":"auto","background-attachment":"scroll","background-type":"","background-media":"","overlay-type":"","overlay-color":"","overlay-opacity":"","overlay-gradient":""},"mobile":{"background-color":"","background-image":"","background-repeat":"repeat","background-position":"center center","background-size":"auto","background-attachment":"scroll","background-type":"","background-media":"","overlay-type":"","overlay-color":"","overlay-opacity":"","overlay-gradient":""}},"ast-content-background-meta":{"desktop":{"background-color":"var(--ast-global-color-5)","background-image":"","background-repeat":"repeat","background-position":"center center","background-size":"auto","background-attachment":"scroll","background-type":"","background-media":"","overlay-type":"","overlay-color":"","overlay-opacity":"","overlay-gradient":""},"tablet":{"background-color":"var(--ast-global-color-5)","background-image":"","background-repeat":"repeat","background-position":"center center","background-size":"auto","background-attachment":"scroll","background-type":"","background-media":"","overlay-type":"","overlay-color":"","overlay-opacity":"","overlay-gradient":""},"mobile":{"background-color":"var(--ast-global-color-5)","background-image":"","background-repeat":"repeat","background-position":"center center","background-size":"auto","background-attachment":"scroll","background-type":"","background-media":"","overlay-type":"","overlay-color":"","overlay-opacity":"","overlay-gradient":""}},"footnotes":""},"class_list":["post-1584","page","type-page","status-publish","hentry"],"yoast_head":"<!-- This site is optimized with the Yoast SEO plugin v27.4 - https:\/\/yoast.com\/product\/yoast-seo-wordpress\/ -->\n<title>1\u00aa consulta sobre menopausia sin coste ni compromiso | Ayrmed.com<\/title>\n<meta name=\"description\" content=\"Servicio de 1\u00aa consulta gratuita. M\u00e9dico proporciona respuesta informativa en privado a consultas sobre s\u00edntomas menop\u00e1usicos.\" \/>\n<meta name=\"robots\" content=\"noindex, nofollow\" \/>\n<meta property=\"og:locale\" content=\"es_ES\" \/>\n<meta property=\"og:type\" content=\"article\" \/>\n<meta property=\"og:title\" content=\"1\u00aa consulta sobre menopausia sin coste ni compromiso | Ayrmed.com\" \/>\n<meta property=\"og:description\" content=\"Servicio de 1\u00aa consulta gratuita. M\u00e9dico proporciona respuesta informativa en privado a consultas sobre s\u00edntomas menop\u00e1usicos.\" \/>\n<meta property=\"og:url\" content=\"https:\/\/www.ayrmed.com\/editorial\/consulta-medica\/\" \/>\n<meta property=\"og:site_name\" content=\"Ayrmed.com\" \/>\n<meta property=\"article:publisher\" content=\"https:\/\/www.facebook.com\/Dr.AntonioFerrandez\/\" \/>\n<meta property=\"article:modified_time\" content=\"2021-09-25T18:00:48+00:00\" \/>\n<meta property=\"og:image\" content=\"https:\/\/www.ayrmed.com\/editorial\/wp-content\/uploads\/2021\/09\/reservar2.png\" \/>\n<meta name=\"twitter:label1\" content=\"Tiempo de lectura\" \/>\n\t<meta name=\"twitter:data1\" content=\"2 minutos\" \/>\n<script type=\"application\/ld+json\" class=\"yoast-schema-graph\">{\"@context\":\"https:\\\/\\\/schema.org\",\"@graph\":[{\"@type\":\"WebPage\",\"@id\":\"https:\\\/\\\/www.ayrmed.com\\\/editorial\\\/consulta-medica\\\/\",\"url\":\"https:\\\/\\\/www.ayrmed.com\\\/editorial\\\/consulta-medica\\\/\",\"name\":\"1\u00aa consulta sobre menopausia sin coste ni compromiso | Ayrmed.com\",\"isPartOf\":{\"@id\":\"https:\\\/\\\/www.ayrmed.com\\\/editorial\\\/#website\"},\"primaryImageOfPage\":{\"@id\":\"https:\\\/\\\/www.ayrmed.com\\\/editorial\\\/consulta-medica\\\/#primaryimage\"},\"image\":{\"@id\":\"https:\\\/\\\/www.ayrmed.com\\\/editorial\\\/consulta-medica\\\/#primaryimage\"},\"thumbnailUrl\":\"https:\\\/\\\/www.ayrmed.com\\\/editorial\\\/wp-content\\\/uploads\\\/2021\\\/09\\\/reservar2.png\",\"datePublished\":\"2019-04-03T13:41:27+00:00\",\"dateModified\":\"2021-09-25T18:00:48+00:00\",\"description\":\"Servicio de 1\u00aa consulta gratuita. M\u00e9dico proporciona respuesta informativa en privado a consultas sobre s\u00edntomas menop\u00e1usicos.\",\"breadcrumb\":{\"@id\":\"https:\\\/\\\/www.ayrmed.com\\\/editorial\\\/consulta-medica\\\/#breadcrumb\"},\"inLanguage\":\"es\",\"potentialAction\":[{\"@type\":\"ReadAction\",\"target\":[\"https:\\\/\\\/www.ayrmed.com\\\/editorial\\\/consulta-medica\\\/\"]}]},{\"@type\":\"ImageObject\",\"inLanguage\":\"es\",\"@id\":\"https:\\\/\\\/www.ayrmed.com\\\/editorial\\\/consulta-medica\\\/#primaryimage\",\"url\":\"https:\\\/\\\/www.ayrmed.com\\\/editorial\\\/wp-content\\\/uploads\\\/2021\\\/09\\\/reservar2.png\",\"contentUrl\":\"https:\\\/\\\/www.ayrmed.com\\\/editorial\\\/wp-content\\\/uploads\\\/2021\\\/09\\\/reservar2.png\",\"width\":200,\"height\":92,\"caption\":\"reservar consulta m\u00e9dica online\"},{\"@type\":\"BreadcrumbList\",\"@id\":\"https:\\\/\\\/www.ayrmed.com\\\/editorial\\\/consulta-medica\\\/#breadcrumb\",\"itemListElement\":[{\"@type\":\"ListItem\",\"position\":1,\"name\":\"Portada\",\"item\":\"https:\\\/\\\/www.ayrmed.com\\\/editorial\\\/\"},{\"@type\":\"ListItem\",\"position\":2,\"name\":\"Servicio 1\u00aa Consulta gratis\"}]},{\"@type\":\"WebSite\",\"@id\":\"https:\\\/\\\/www.ayrmed.com\\\/editorial\\\/#website\",\"url\":\"https:\\\/\\\/www.ayrmed.com\\\/editorial\\\/\",\"name\":\"Ayrmed.com\",\"description\":\"Avances y Renovaci\u00f3n en Medicina\",\"publisher\":{\"@id\":\"https:\\\/\\\/www.ayrmed.com\\\/editorial\\\/#organization\"},\"potentialAction\":[{\"@type\":\"SearchAction\",\"target\":{\"@type\":\"EntryPoint\",\"urlTemplate\":\"https:\\\/\\\/www.ayrmed.com\\\/editorial\\\/?s={search_term_string}\"},\"query-input\":{\"@type\":\"PropertyValueSpecification\",\"valueRequired\":true,\"valueName\":\"search_term_string\"}}],\"inLanguage\":\"es\"},{\"@type\":\"Organization\",\"@id\":\"https:\\\/\\\/www.ayrmed.com\\\/editorial\\\/#organization\",\"name\":\"Ayrmed.com\",\"url\":\"https:\\\/\\\/www.ayrmed.com\\\/editorial\\\/\",\"logo\":{\"@type\":\"ImageObject\",\"inLanguage\":\"es\",\"@id\":\"https:\\\/\\\/www.ayrmed.com\\\/editorial\\\/#\\\/schema\\\/logo\\\/image\\\/\",\"url\":\"https:\\\/\\\/www.ayrmed.com\\\/editorial\\\/wp-content\\\/uploads\\\/2020\\\/01\\\/cropped-logo-ayrmed-10.png\",\"contentUrl\":\"https:\\\/\\\/www.ayrmed.com\\\/editorial\\\/wp-content\\\/uploads\\\/2020\\\/01\\\/cropped-logo-ayrmed-10.png\",\"width\":462,\"height\":148,\"caption\":\"Ayrmed.com\"},\"image\":{\"@id\":\"https:\\\/\\\/www.ayrmed.com\\\/editorial\\\/#\\\/schema\\\/logo\\\/image\\\/\"},\"sameAs\":[\"https:\\\/\\\/www.facebook.com\\\/Dr.AntonioFerrandez\\\/\",\"https:\\\/\\\/x.com\\\/editorialayrmed\",\"https:\\\/\\\/www.linkedin.com\\\/in\\\/antonio-ferrandez-infante\\\/\",\"https:\\\/\\\/www.pinterest.es\\\/ayrmed\",\"https:\\\/\\\/www.youtube.com\\\/channel\\\/UCLTv0c5lrbhVHCij5-z835w\"]}]}<\/script>\n<!-- \/ Yoast SEO plugin. -->","yoast_head_json":{"title":"1\u00aa consulta sobre menopausia sin coste ni compromiso | Ayrmed.com","description":"Servicio de 1\u00aa consulta gratuita. M\u00e9dico proporciona respuesta informativa en privado a consultas sobre s\u00edntomas menop\u00e1usicos.","robots":{"index":"noindex","follow":"nofollow"},"og_locale":"es_ES","og_type":"article","og_title":"1\u00aa consulta sobre menopausia sin coste ni compromiso | Ayrmed.com","og_description":"Servicio de 1\u00aa consulta gratuita. M\u00e9dico proporciona respuesta informativa en privado a consultas sobre s\u00edntomas menop\u00e1usicos.","og_url":"https:\/\/www.ayrmed.com\/editorial\/consulta-medica\/","og_site_name":"Ayrmed.com","article_publisher":"https:\/\/www.facebook.com\/Dr.AntonioFerrandez\/","article_modified_time":"2021-09-25T18:00:48+00:00","og_image":[{"url":"https:\/\/www.ayrmed.com\/editorial\/wp-content\/uploads\/2021\/09\/reservar2.png","type":"","width":"","height":""}],"twitter_misc":{"Tiempo de lectura":"2 minutos"},"schema":{"@context":"https:\/\/schema.org","@graph":[{"@type":"WebPage","@id":"https:\/\/www.ayrmed.com\/editorial\/consulta-medica\/","url":"https:\/\/www.ayrmed.com\/editorial\/consulta-medica\/","name":"1\u00aa consulta sobre menopausia sin coste ni compromiso | Ayrmed.com","isPartOf":{"@id":"https:\/\/www.ayrmed.com\/editorial\/#website"},"primaryImageOfPage":{"@id":"https:\/\/www.ayrmed.com\/editorial\/consulta-medica\/#primaryimage"},"image":{"@id":"https:\/\/www.ayrmed.com\/editorial\/consulta-medica\/#primaryimage"},"thumbnailUrl":"https:\/\/www.ayrmed.com\/editorial\/wp-content\/uploads\/2021\/09\/reservar2.png","datePublished":"2019-04-03T13:41:27+00:00","dateModified":"2021-09-25T18:00:48+00:00","description":"Servicio de 1\u00aa consulta gratuita. M\u00e9dico proporciona respuesta informativa en privado a consultas sobre s\u00edntomas menop\u00e1usicos.","breadcrumb":{"@id":"https:\/\/www.ayrmed.com\/editorial\/consulta-medica\/#breadcrumb"},"inLanguage":"es","potentialAction":[{"@type":"ReadAction","target":["https:\/\/www.ayrmed.com\/editorial\/consulta-medica\/"]}]},{"@type":"ImageObject","inLanguage":"es","@id":"https:\/\/www.ayrmed.com\/editorial\/consulta-medica\/#primaryimage","url":"https:\/\/www.ayrmed.com\/editorial\/wp-content\/uploads\/2021\/09\/reservar2.png","contentUrl":"https:\/\/www.ayrmed.com\/editorial\/wp-content\/uploads\/2021\/09\/reservar2.png","width":200,"height":92,"caption":"reservar consulta m\u00e9dica online"},{"@type":"BreadcrumbList","@id":"https:\/\/www.ayrmed.com\/editorial\/consulta-medica\/#breadcrumb","itemListElement":[{"@type":"ListItem","position":1,"name":"Portada","item":"https:\/\/www.ayrmed.com\/editorial\/"},{"@type":"ListItem","position":2,"name":"Servicio 1\u00aa Consulta gratis"}]},{"@type":"WebSite","@id":"https:\/\/www.ayrmed.com\/editorial\/#website","url":"https:\/\/www.ayrmed.com\/editorial\/","name":"Ayrmed.com","description":"Avances y Renovaci\u00f3n en Medicina","publisher":{"@id":"https:\/\/www.ayrmed.com\/editorial\/#organization"},"potentialAction":[{"@type":"SearchAction","target":{"@type":"EntryPoint","urlTemplate":"https:\/\/www.ayrmed.com\/editorial\/?s={search_term_string}"},"query-input":{"@type":"PropertyValueSpecification","valueRequired":true,"valueName":"search_term_string"}}],"inLanguage":"es"},{"@type":"Organization","@id":"https:\/\/www.ayrmed.com\/editorial\/#organization","name":"Ayrmed.com","url":"https:\/\/www.ayrmed.com\/editorial\/","logo":{"@type":"ImageObject","inLanguage":"es","@id":"https:\/\/www.ayrmed.com\/editorial\/#\/schema\/logo\/image\/","url":"https:\/\/www.ayrmed.com\/editorial\/wp-content\/uploads\/2020\/01\/cropped-logo-ayrmed-10.png","contentUrl":"https:\/\/www.ayrmed.com\/editorial\/wp-content\/uploads\/2020\/01\/cropped-logo-ayrmed-10.png","width":462,"height":148,"caption":"Ayrmed.com"},"image":{"@id":"https:\/\/www.ayrmed.com\/editorial\/#\/schema\/logo\/image\/"},"sameAs":["https:\/\/www.facebook.com\/Dr.AntonioFerrandez\/","https:\/\/x.com\/editorialayrmed","https:\/\/www.linkedin.com\/in\/antonio-ferrandez-infante\/","https:\/\/www.pinterest.es\/ayrmed","https:\/\/www.youtube.com\/channel\/UCLTv0c5lrbhVHCij5-z835w"]}]}},"_links":{"self":[{"href":"https:\/\/www.ayrmed.com\/editorial\/wp-json\/wp\/v2\/pages\/1584","targetHints":{"allow":["GET"]}}],"collection":[{"href":"https:\/\/www.ayrmed.com\/editorial\/wp-json\/wp\/v2\/pages"}],"about":[{"href":"https:\/\/www.ayrmed.com\/editorial\/wp-json\/wp\/v2\/types\/page"}],"author":[{"embeddable":true,"href":"https:\/\/www.ayrmed.com\/editorial\/wp-json\/wp\/v2\/users\/1"}],"replies":[{"embeddable":true,"href":"https:\/\/www.ayrmed.com\/editorial\/wp-json\/wp\/v2\/comments?post=1584"}],"version-history":[{"count":20,"href":"https:\/\/www.ayrmed.com\/editorial\/wp-json\/wp\/v2\/pages\/1584\/revisions"}],"predecessor-version":[{"id":2296,"href":"https:\/\/www.ayrmed.com\/editorial\/wp-json\/wp\/v2\/pages\/1584\/revisions\/2296"}],"wp:attachment":[{"href":"https:\/\/www.ayrmed.com\/editorial\/wp-json\/wp\/v2\/media?parent=1584"}],"curies":[{"name":"wp","href":"https:\/\/api.w.org\/{rel}","templated":true}]}}