{"id":1366,"date":"2019-03-06T10:59:00","date_gmt":"2019-03-06T09:59:00","guid":{"rendered":"https:\/\/www.ayrmed.com\/editorial\/?page_id=1366"},"modified":"2020-02-11T21:13:27","modified_gmt":"2020-02-11T20:13:27","slug":"imc","status":"publish","type":"page","link":"https:\/\/www.ayrmed.com\/editorial\/imc\/","title":{"rendered":"C\u00e1lculo de Indice de Masa Corporal"},"content":{"rendered":"<p align=\"justify\">El \u00edndice de masa corporal o IMC es un par\u00e1metro que informa sobre el volumen del cuerpo humano, y es de gran ayuda para conocer en qu\u00e9 medida una persona se acerca a su <a href=\"https:\/\/www.ayrmed.com\/editorial\/ideal\/\" target=\"_blank\" rel=\"noopener noreferrer\">peso ideal<\/a>.<\/p>\n<p style=\"text-align: center;\" align=\"justify\"><img loading=\"lazy\" decoding=\"async\" class=\"aligncenter size-full wp-image-1380\" src=\"https:\/\/www.ayrmed.com\/editorial\/wp-content\/uploads\/2019\/03\/imc.jpeg\" alt=\"IMC\" width=\"500\" height=\"332\" srcset=\"https:\/\/www.ayrmed.com\/editorial\/wp-content\/uploads\/2019\/03\/imc.jpeg 500w, https:\/\/www.ayrmed.com\/editorial\/wp-content\/uploads\/2019\/03\/imc-300x199.jpeg 300w\" sizes=\"auto, (max-width: 500px) 100vw, 500px\" \/><\/p>\n<p align=\"justify\">No obstante, siempre debe tenerse en cuenta la importancia de la constituci\u00f3n del individuo. No es lo mismo una persona leptos\u00f3mica (delgada por naturaleza) que otra con la constituci\u00f3n atl\u00e9tica o p\u00edcnica (redondeada). Por ello, antes de llevar a cabo cualquier medida correctora, siempre es recomendable consultar con un facultativo si se tienen dudas o los valores del IMC no se encuentran dentro de la normalidad.<\/p>\n<p style=\"text-align: center;\" align=\"justify\"><strong><a href=\"https:\/\/www.ayrmed.com\/editorial\/consultad\/\" rel=\"nofollow&quot;\">&gt;&gt;&gt;1\u00aa Consulta diet\u00e9tica gratuita&lt;&lt;&lt;<\/a><\/strong><\/p>\n<h2 style=\"text-align: center;\" align=\"justify\">Calculadora de IMC | Instrucciones<\/h2>\n<p align=\"justify\">La calculadora que se ofrece a continuaci\u00f3n ha sido programada para constituir una ayuda para el c\u00e1lculo del IMC. El IMC se utiliza para clasificar a las personas conforme a su estado ponderal (relaci\u00f3n entre el peso y la estatura), y su f\u00f3rmula emplea los valores de la estatura en metros y el peso en kilogramos.<\/p>\n<p style=\"text-align: center;\" align=\"justify\">Nota importante: test s\u00f3lo v\u00e1lido para +18 a\u00f1os.<\/p>\n<p align=\"justify\">Indique su peso en kilogramos y estatura en metros. Por favor, no utilice comas <strong>para los decimales, emplee puntos<\/strong>. Por ejemplo, si su peso es 85 kilogramos y medio y su estatura 180 centimetros, los valores a introducir son: 85.5 y 1.80 respectivamente:<\/p>\n<p align=\"justify\">\n<div align=\"center\"><style>@media (max-width:480px){#cp_calculatedfieldsf_pform_1{min-height:360px;}}@media (max-width:768px){#cp_calculatedfieldsf_pform_1{min-height:360px;}}@media (max-width:1024px){#cp_calculatedfieldsf_pform_1{min-height:389px;}}@media (min-width:1024px){#cp_calculatedfieldsf_pform_1{min-height:389px;}}<\/style><form name=\"cp_calculatedfieldsf_pform_1\" id=\"cp_calculatedfieldsf_pform_1\" action=\"https:\/\/www.ayrmed.com\/editorial\/imc\/\" method=\"post\" enctype=\"multipart\/form-data\" onsubmit=\"return fbuilderjQuery.fbuilder.doValidate(this);\" class=\"cff-form no-prefetch  cff-form-7\"  data-nonce=\"e77ac84f06\">\n<input type=\"hidden\" name=\"cp_calculatedfieldsf_pform_psequence\" value=\"_1\" \/>\n<input type=\"hidden\" name=\"cp_calculatedfieldsf_id\" value=\"7\" \/>\n<input type=\"hidden\" name=\"cp_ref_page\" value=\"https:\/\/www.ayrmed.com\/editorial\" \/>\n<pre style=\"display:none !important;\"><script data-category=\"functional\" type=\"text\/javascript\">form_structure_1=[[{\"form_identifier\":\"\",\"name\":\"fieldname2\",\"shortlabel\":\"\",\"index\":0,\"ftype\":\"fnumber\",\"userhelp\":\"\",\"userhelpTooltip\":false,\"csslayout\":\"\",\"title\":\"Peso (Kilogramos)\",\"predefined\":\"\",\"predefinedClick\":false,\"required\":true,\"readonly\":false,\"size\":\"small\",\"thousandSeparator\":\"\",\"decimalSymbol\":\".\",\"min\":\"30\",\"max\":\"200\",\"formatDynamically\":false,\"dformat\":\"number\",\"formats\":[\"digits\",\"number\"],\"fBuild\":{},\"parent\":\"\"},{\"form_identifier\":\"\",\"name\":\"fieldname3\",\"shortlabel\":\"\",\"index\":1,\"ftype\":\"fnumber\",\"userhelp\":\"\",\"userhelpTooltip\":false,\"csslayout\":\"\",\"title\":\"Estatura (Metros)\",\"predefined\":\"\",\"predefinedClick\":false,\"required\":true,\"readonly\":false,\"size\":\"small\",\"thousandSeparator\":\"\",\"decimalSymbol\":\".\",\"min\":\"1.20\",\"max\":\"2.30\",\"formatDynamically\":false,\"dformat\":\"number\",\"formats\":[\"digits\",\"number\"],\"fBuild\":{},\"parent\":\"\"},{\"form_identifier\":\"\",\"name\":\"fieldname4\",\"shortlabel\":\"\",\"index\":2,\"ftype\":\"fButton\",\"userhelp\":\"\",\"userhelpTooltip\":false,\"csslayout\":\"\",\"sType\":\"calculate\",\"sValue\":\"Calcular\",\"sOnclick\":\"\",\"fBuild\":{},\"parent\":\"\"},{\"form_identifier\":\"\",\"name\":\"separator1\",\"shortlabel\":\"\",\"index\":3,\"ftype\":\"fSectionBreak\",\"userhelp\":\"\",\"userhelpTooltip\":false,\"csslayout\":\"\",\"title\":\"\",\"fBuild\":{},\"parent\":\"\"},{\"dependencies\":[{\"rule\":\"\",\"complex\":false,\"fields\":[\"\"]}],\"form_identifier\":\"\",\"name\":\"fieldname1\",\"shortlabel\":\"\",\"index\":4,\"ftype\":\"fCalculated\",\"userhelp\":\"\",\"userhelpTooltip\":false,\"csslayout\":\"\",\"title\":\"\\u00cdndice de Masa Corporal (IMC):\",\"predefined\":\"\",\"required\":false,\"size\":\"medium\",\"toolbar\":\"default|mathematical\",\"eq\":\"PREC((fieldname2)\\\/((fieldname3)*(fieldname3)), 2)\",\"suffix\":\" Kg\\\/m2\",\"prefix\":\"\",\"decimalsymbol\":\".\",\"groupingsymbol\":\"\",\"readonly\":true,\"hidefield\":false,\"fBuild\":{},\"parent\":\"\"}],{\"0\":{\"title\":\"Calculadora de IMC\",\"description\":\"\",\"formlayout\":\"top_aligned\",\"formtemplate\":\"\",\"evalequations\":0,\"evalequationsevent\":2,\"autocomplete\":1,\"persistence\":0,\"customstyles\":\"\"},\"formid\":\"cp_calculatedfieldsf_pform_1\"}];<\/script><\/pre>\n<div id=\"fbuilder\">\n\t\t<div id=\"fbuilder_1\">\n\t\t<div id=\"formheader_1\"><\/div>\n\t\t<div id=\"fieldlist_1\"><\/div>\n\t\t<div class=\"clearer\"><\/div>\n\t<\/div>\n<\/div>\n\t<div id=\"cp_subbtn_1\" class=\"cp_subbtn\" style=\"display:none;\"><\/div><div class=\"clearer\"><\/div>\n\t<input type=\"hidden\" id=\"_cpcff_public_nonce\" name=\"_cpcff_public_nonce\" value=\"eb1e248dcf\" \/><input type=\"hidden\" name=\"_wp_http_referer\" value=\"\/editorial\/wp-json\/wp\/v2\/pages\/1366\" \/><input type=\"hidden\" name=\"cff_form_start_time\" value=\"8FzH1R4HO2ZFliTogX+s0A==\"><\/form>\n\t<\/div>\n<p align=\"center\"><a href=\"https:\/\/www.ayrmed.com\/editorial\/ayrmed\/aviso-legal\/\" target=\"_blank\" rel=\"noopener noreferrer\">Aviso legal<\/a>.<\/p>\n<h2 align=\"center\"><strong><u>Interpretaci\u00f3n del resultado<\/u><\/strong><\/h2>\n<p align=\"justify\"><strong>IMC menor de 18.5:<\/strong> posiblemente tenga un <strong>peso insuficiente<\/strong>.<\/p>\n<p align=\"justify\"><span style=\"color: #339966;\"><strong>IMC entre 18.5 y 25:<\/strong> <strong>peso normal<\/strong>.<\/span><\/p>\n<p align=\"justify\"><strong>IMC entre 25 y 30:<\/strong> posiblemente padezca <strong>sobrepeso<\/strong>.<\/p>\n<p align=\"justify\"><strong>IMC entre 30 y 40:<\/strong> posiblemente padezca <strong>obesidad<\/strong>.<\/p>\n<p align=\"justify\"><strong>IMC mayor de 40:<\/strong> posiblemente padezca <strong>obesidad m\u00f3rbida<\/strong>.<\/p>\n<p style=\"text-align: center;\" align=\"justify\"><strong><span style=\"color: #ff0000;\">Atenci\u00f3n: Si su peso no es normal le recomendamos consultar con un profesional cualificado cuanto antes.<\/span><\/strong><\/p>\n<p style=\"text-align: center;\" align=\"justify\"><strong><a href=\"https:\/\/www.ayrmed.com\/editorial\/consultad\/\" rel=\"nofollow&quot;\">&gt;&gt;&gt;1\u00aa Consulta diet\u00e9tica gratuita&lt;&lt;&lt;<\/a><\/strong><\/p>\n<p style=\"text-align: center;\" align=\"justify\"><img loading=\"lazy\" decoding=\"async\" class=\"aligncenter size-full wp-image-1385\" src=\"https:\/\/www.ayrmed.com\/editorial\/wp-content\/uploads\/2019\/03\/calculo-imc.jpeg\" alt=\"calcular IMC\" width=\"500\" height=\"333\" srcset=\"https:\/\/www.ayrmed.com\/editorial\/wp-content\/uploads\/2019\/03\/calculo-imc.jpeg 500w, https:\/\/www.ayrmed.com\/editorial\/wp-content\/uploads\/2019\/03\/calculo-imc-300x200.jpeg 300w\" sizes=\"auto, (max-width: 500px) 100vw, 500px\" \/><\/p>\n","protected":false},"excerpt":{"rendered":"<p>El \u00edndice de masa corporal o IMC es un par\u00e1metro que informa sobre el volumen del cuerpo humano, y es de gran ayuda para conocer en qu\u00e9 medida una persona se acerca a su peso ideal. No obstante, siempre debe tenerse en cuenta la importancia de la constituci\u00f3n del individuo. No es lo mismo una [&hellip;]<\/p>\n","protected":false},"author":1,"featured_media":0,"parent":0,"menu_order":0,"comment_status":"closed","ping_status":"closed","template":"","meta":{"site-sidebar-layout":"default","site-content-layout":"default","ast-site-content-layout":"default","site-content-style":"default","site-sidebar-style":"default","ast-global-header-display":"","ast-banner-title-visibility":"","ast-main-header-display":"","ast-hfb-above-header-display":"","ast-hfb-below-header-display":"","ast-hfb-mobile-header-display":"","site-post-title":"","ast-breadcrumbs-content":"","ast-featured-img":"","footer-sml-layout":"","ast-disable-related-posts":"","theme-transparent-header-meta":"default","adv-header-id-meta":"","stick-header-meta":"","header-above-stick-meta":"","header-main-stick-meta":"","header-below-stick-meta":"","astra-migrate-meta-layouts":"default","ast-page-background-enabled":"default","ast-page-background-meta":{"desktop":{"background-color":"","background-image":"","background-repeat":"repeat","background-position":"center center","background-size":"auto","background-attachment":"scroll","background-type":"","background-media":"","overlay-type":"","overlay-color":"","overlay-opacity":"","overlay-gradient":""},"tablet":{"background-color":"","background-image":"","background-repeat":"repeat","background-position":"center center","background-size":"auto","background-attachment":"scroll","background-type":"","background-media":"","overlay-type":"","overlay-color":"","overlay-opacity":"","overlay-gradient":""},"mobile":{"background-color":"","background-image":"","background-repeat":"repeat","background-position":"center center","background-size":"auto","background-attachment":"scroll","background-type":"","background-media":"","overlay-type":"","overlay-color":"","overlay-opacity":"","overlay-gradient":""}},"ast-content-background-meta":{"desktop":{"background-color":"var(--ast-global-color-5)","background-image":"","background-repeat":"repeat","background-position":"center center","background-size":"auto","background-attachment":"scroll","background-type":"","background-media":"","overlay-type":"","overlay-color":"","overlay-opacity":"","overlay-gradient":""},"tablet":{"background-color":"var(--ast-global-color-5)","background-image":"","background-repeat":"repeat","background-position":"center center","background-size":"auto","background-attachment":"scroll","background-type":"","background-media":"","overlay-type":"","overlay-color":"","overlay-opacity":"","overlay-gradient":""},"mobile":{"background-color":"var(--ast-global-color-5)","background-image":"","background-repeat":"repeat","background-position":"center center","background-size":"auto","background-attachment":"scroll","background-type":"","background-media":"","overlay-type":"","overlay-color":"","overlay-opacity":"","overlay-gradient":""}},"footnotes":""},"class_list":["post-1366","page","type-page","status-publish","hentry"],"yoast_head":"<!-- This site is optimized with the Yoast SEO plugin v27.4 - https:\/\/yoast.com\/product\/yoast-seo-wordpress\/ -->\n<title>C\u00e1lculo de Indice de Masa Corporal . Incluye interpretaci\u00f3n de resultado | Ayrmed.com<\/title>\n<meta name=\"description\" content=\"Calcular \u00cdndice de Masa Corporal (IMC) mediante aplicaci\u00f3n gratuita sin registro requerido r\u00e1pido online. Incluye interpretaci\u00f3n de resultado.\" \/>\n<meta name=\"robots\" content=\"index, follow, max-snippet:-1, max-image-preview:large, max-video-preview:-1\" \/>\n<link rel=\"canonical\" href=\"https:\/\/www.ayrmed.com\/editorial\/imc\/\" \/>\n<meta property=\"og:locale\" content=\"es_ES\" \/>\n<meta property=\"og:type\" content=\"article\" \/>\n<meta property=\"og:title\" content=\"C\u00e1lculo de Indice de Masa Corporal . Incluye interpretaci\u00f3n de resultado | Ayrmed.com\" \/>\n<meta property=\"og:description\" content=\"Calcular \u00cdndice de Masa Corporal (IMC) mediante aplicaci\u00f3n gratuita sin registro requerido r\u00e1pido online. Incluye interpretaci\u00f3n de resultado.\" \/>\n<meta property=\"og:url\" content=\"https:\/\/www.ayrmed.com\/editorial\/imc\/\" \/>\n<meta property=\"og:site_name\" content=\"Ayrmed.com\" \/>\n<meta property=\"article:publisher\" content=\"https:\/\/www.facebook.com\/Dr.AntonioFerrandez\/\" \/>\n<meta property=\"article:modified_time\" content=\"2020-02-11T20:13:27+00:00\" \/>\n<meta property=\"og:image\" content=\"https:\/\/www.ayrmed.com\/editorial\/wp-content\/uploads\/2019\/03\/imc.jpeg\" \/>\n<meta name=\"twitter:label1\" content=\"Tiempo de lectura\" \/>\n\t<meta name=\"twitter:data1\" content=\"2 minutos\" \/>\n<script type=\"application\/ld+json\" class=\"yoast-schema-graph\">{\"@context\":\"https:\\\/\\\/schema.org\",\"@graph\":[{\"@type\":\"WebPage\",\"@id\":\"https:\\\/\\\/www.ayrmed.com\\\/editorial\\\/imc\\\/\",\"url\":\"https:\\\/\\\/www.ayrmed.com\\\/editorial\\\/imc\\\/\",\"name\":\"C\u00e1lculo de Indice de Masa Corporal . Incluye interpretaci\u00f3n de resultado | Ayrmed.com\",\"isPartOf\":{\"@id\":\"https:\\\/\\\/www.ayrmed.com\\\/editorial\\\/#website\"},\"primaryImageOfPage\":{\"@id\":\"https:\\\/\\\/www.ayrmed.com\\\/editorial\\\/imc\\\/#primaryimage\"},\"image\":{\"@id\":\"https:\\\/\\\/www.ayrmed.com\\\/editorial\\\/imc\\\/#primaryimage\"},\"thumbnailUrl\":\"https:\\\/\\\/www.ayrmed.com\\\/editorial\\\/wp-content\\\/uploads\\\/2019\\\/03\\\/imc.jpeg\",\"datePublished\":\"2019-03-06T09:59:00+00:00\",\"dateModified\":\"2020-02-11T20:13:27+00:00\",\"description\":\"Calcular \u00cdndice de Masa Corporal (IMC) mediante aplicaci\u00f3n gratuita sin registro requerido r\u00e1pido online. Incluye interpretaci\u00f3n de resultado.\",\"breadcrumb\":{\"@id\":\"https:\\\/\\\/www.ayrmed.com\\\/editorial\\\/imc\\\/#breadcrumb\"},\"inLanguage\":\"es\",\"potentialAction\":[{\"@type\":\"ReadAction\",\"target\":[\"https:\\\/\\\/www.ayrmed.com\\\/editorial\\\/imc\\\/\"]}]},{\"@type\":\"ImageObject\",\"inLanguage\":\"es\",\"@id\":\"https:\\\/\\\/www.ayrmed.com\\\/editorial\\\/imc\\\/#primaryimage\",\"url\":\"https:\\\/\\\/www.ayrmed.com\\\/editorial\\\/wp-content\\\/uploads\\\/2019\\\/03\\\/imc.jpeg\",\"contentUrl\":\"https:\\\/\\\/www.ayrmed.com\\\/editorial\\\/wp-content\\\/uploads\\\/2019\\\/03\\\/imc.jpeg\",\"width\":500,\"height\":332,\"caption\":\"IMC\"},{\"@type\":\"BreadcrumbList\",\"@id\":\"https:\\\/\\\/www.ayrmed.com\\\/editorial\\\/imc\\\/#breadcrumb\",\"itemListElement\":[{\"@type\":\"ListItem\",\"position\":1,\"name\":\"Portada\",\"item\":\"https:\\\/\\\/www.ayrmed.com\\\/editorial\\\/\"},{\"@type\":\"ListItem\",\"position\":2,\"name\":\"C\u00e1lculo de Indice de Masa Corporal\"}]},{\"@type\":\"WebSite\",\"@id\":\"https:\\\/\\\/www.ayrmed.com\\\/editorial\\\/#website\",\"url\":\"https:\\\/\\\/www.ayrmed.com\\\/editorial\\\/\",\"name\":\"Ayrmed.com\",\"description\":\"Avances y Renovaci\u00f3n en Medicina\",\"publisher\":{\"@id\":\"https:\\\/\\\/www.ayrmed.com\\\/editorial\\\/#organization\"},\"potentialAction\":[{\"@type\":\"SearchAction\",\"target\":{\"@type\":\"EntryPoint\",\"urlTemplate\":\"https:\\\/\\\/www.ayrmed.com\\\/editorial\\\/?s={search_term_string}\"},\"query-input\":{\"@type\":\"PropertyValueSpecification\",\"valueRequired\":true,\"valueName\":\"search_term_string\"}}],\"inLanguage\":\"es\"},{\"@type\":\"Organization\",\"@id\":\"https:\\\/\\\/www.ayrmed.com\\\/editorial\\\/#organization\",\"name\":\"Ayrmed.com\",\"url\":\"https:\\\/\\\/www.ayrmed.com\\\/editorial\\\/\",\"logo\":{\"@type\":\"ImageObject\",\"inLanguage\":\"es\",\"@id\":\"https:\\\/\\\/www.ayrmed.com\\\/editorial\\\/#\\\/schema\\\/logo\\\/image\\\/\",\"url\":\"https:\\\/\\\/www.ayrmed.com\\\/editorial\\\/wp-content\\\/uploads\\\/2020\\\/01\\\/cropped-logo-ayrmed-10.png\",\"contentUrl\":\"https:\\\/\\\/www.ayrmed.com\\\/editorial\\\/wp-content\\\/uploads\\\/2020\\\/01\\\/cropped-logo-ayrmed-10.png\",\"width\":462,\"height\":148,\"caption\":\"Ayrmed.com\"},\"image\":{\"@id\":\"https:\\\/\\\/www.ayrmed.com\\\/editorial\\\/#\\\/schema\\\/logo\\\/image\\\/\"},\"sameAs\":[\"https:\\\/\\\/www.facebook.com\\\/Dr.AntonioFerrandez\\\/\",\"https:\\\/\\\/x.com\\\/editorialayrmed\",\"https:\\\/\\\/www.linkedin.com\\\/in\\\/antonio-ferrandez-infante\\\/\",\"https:\\\/\\\/www.pinterest.es\\\/ayrmed\",\"https:\\\/\\\/www.youtube.com\\\/channel\\\/UCLTv0c5lrbhVHCij5-z835w\"]}]}<\/script>\n<!-- \/ Yoast SEO plugin. -->","yoast_head_json":{"title":"C\u00e1lculo de Indice de Masa Corporal . Incluye interpretaci\u00f3n de resultado | Ayrmed.com","description":"Calcular \u00cdndice de Masa Corporal (IMC) mediante aplicaci\u00f3n gratuita sin registro requerido r\u00e1pido online. Incluye interpretaci\u00f3n de resultado.","robots":{"index":"index","follow":"follow","max-snippet":"max-snippet:-1","max-image-preview":"max-image-preview:large","max-video-preview":"max-video-preview:-1"},"canonical":"https:\/\/www.ayrmed.com\/editorial\/imc\/","og_locale":"es_ES","og_type":"article","og_title":"C\u00e1lculo de Indice de Masa Corporal . Incluye interpretaci\u00f3n de resultado | Ayrmed.com","og_description":"Calcular \u00cdndice de Masa Corporal (IMC) mediante aplicaci\u00f3n gratuita sin registro requerido r\u00e1pido online. Incluye interpretaci\u00f3n de resultado.","og_url":"https:\/\/www.ayrmed.com\/editorial\/imc\/","og_site_name":"Ayrmed.com","article_publisher":"https:\/\/www.facebook.com\/Dr.AntonioFerrandez\/","article_modified_time":"2020-02-11T20:13:27+00:00","og_image":[{"url":"https:\/\/www.ayrmed.com\/editorial\/wp-content\/uploads\/2019\/03\/imc.jpeg","type":"","width":"","height":""}],"twitter_misc":{"Tiempo de lectura":"2 minutos"},"schema":{"@context":"https:\/\/schema.org","@graph":[{"@type":"WebPage","@id":"https:\/\/www.ayrmed.com\/editorial\/imc\/","url":"https:\/\/www.ayrmed.com\/editorial\/imc\/","name":"C\u00e1lculo de Indice de Masa Corporal . Incluye interpretaci\u00f3n de resultado | Ayrmed.com","isPartOf":{"@id":"https:\/\/www.ayrmed.com\/editorial\/#website"},"primaryImageOfPage":{"@id":"https:\/\/www.ayrmed.com\/editorial\/imc\/#primaryimage"},"image":{"@id":"https:\/\/www.ayrmed.com\/editorial\/imc\/#primaryimage"},"thumbnailUrl":"https:\/\/www.ayrmed.com\/editorial\/wp-content\/uploads\/2019\/03\/imc.jpeg","datePublished":"2019-03-06T09:59:00+00:00","dateModified":"2020-02-11T20:13:27+00:00","description":"Calcular \u00cdndice de Masa Corporal (IMC) mediante aplicaci\u00f3n gratuita sin registro requerido r\u00e1pido online. Incluye interpretaci\u00f3n de resultado.","breadcrumb":{"@id":"https:\/\/www.ayrmed.com\/editorial\/imc\/#breadcrumb"},"inLanguage":"es","potentialAction":[{"@type":"ReadAction","target":["https:\/\/www.ayrmed.com\/editorial\/imc\/"]}]},{"@type":"ImageObject","inLanguage":"es","@id":"https:\/\/www.ayrmed.com\/editorial\/imc\/#primaryimage","url":"https:\/\/www.ayrmed.com\/editorial\/wp-content\/uploads\/2019\/03\/imc.jpeg","contentUrl":"https:\/\/www.ayrmed.com\/editorial\/wp-content\/uploads\/2019\/03\/imc.jpeg","width":500,"height":332,"caption":"IMC"},{"@type":"BreadcrumbList","@id":"https:\/\/www.ayrmed.com\/editorial\/imc\/#breadcrumb","itemListElement":[{"@type":"ListItem","position":1,"name":"Portada","item":"https:\/\/www.ayrmed.com\/editorial\/"},{"@type":"ListItem","position":2,"name":"C\u00e1lculo de Indice de Masa Corporal"}]},{"@type":"WebSite","@id":"https:\/\/www.ayrmed.com\/editorial\/#website","url":"https:\/\/www.ayrmed.com\/editorial\/","name":"Ayrmed.com","description":"Avances y Renovaci\u00f3n en Medicina","publisher":{"@id":"https:\/\/www.ayrmed.com\/editorial\/#organization"},"potentialAction":[{"@type":"SearchAction","target":{"@type":"EntryPoint","urlTemplate":"https:\/\/www.ayrmed.com\/editorial\/?s={search_term_string}"},"query-input":{"@type":"PropertyValueSpecification","valueRequired":true,"valueName":"search_term_string"}}],"inLanguage":"es"},{"@type":"Organization","@id":"https:\/\/www.ayrmed.com\/editorial\/#organization","name":"Ayrmed.com","url":"https:\/\/www.ayrmed.com\/editorial\/","logo":{"@type":"ImageObject","inLanguage":"es","@id":"https:\/\/www.ayrmed.com\/editorial\/#\/schema\/logo\/image\/","url":"https:\/\/www.ayrmed.com\/editorial\/wp-content\/uploads\/2020\/01\/cropped-logo-ayrmed-10.png","contentUrl":"https:\/\/www.ayrmed.com\/editorial\/wp-content\/uploads\/2020\/01\/cropped-logo-ayrmed-10.png","width":462,"height":148,"caption":"Ayrmed.com"},"image":{"@id":"https:\/\/www.ayrmed.com\/editorial\/#\/schema\/logo\/image\/"},"sameAs":["https:\/\/www.facebook.com\/Dr.AntonioFerrandez\/","https:\/\/x.com\/editorialayrmed","https:\/\/www.linkedin.com\/in\/antonio-ferrandez-infante\/","https:\/\/www.pinterest.es\/ayrmed","https:\/\/www.youtube.com\/channel\/UCLTv0c5lrbhVHCij5-z835w"]}]}},"_links":{"self":[{"href":"https:\/\/www.ayrmed.com\/editorial\/wp-json\/wp\/v2\/pages\/1366","targetHints":{"allow":["GET"]}}],"collection":[{"href":"https:\/\/www.ayrmed.com\/editorial\/wp-json\/wp\/v2\/pages"}],"about":[{"href":"https:\/\/www.ayrmed.com\/editorial\/wp-json\/wp\/v2\/types\/page"}],"author":[{"embeddable":true,"href":"https:\/\/www.ayrmed.com\/editorial\/wp-json\/wp\/v2\/users\/1"}],"replies":[{"embeddable":true,"href":"https:\/\/www.ayrmed.com\/editorial\/wp-json\/wp\/v2\/comments?post=1366"}],"version-history":[{"count":12,"href":"https:\/\/www.ayrmed.com\/editorial\/wp-json\/wp\/v2\/pages\/1366\/revisions"}],"predecessor-version":[{"id":2052,"href":"https:\/\/www.ayrmed.com\/editorial\/wp-json\/wp\/v2\/pages\/1366\/revisions\/2052"}],"wp:attachment":[{"href":"https:\/\/www.ayrmed.com\/editorial\/wp-json\/wp\/v2\/media?parent=1366"}],"curies":[{"name":"wp","href":"https:\/\/api.w.org\/{rel}","templated":true}]}}