{"id":12,"date":"2013-04-10T16:29:39","date_gmt":"2013-04-10T14:29:39","guid":{"rendered":"https:\/\/www.ayrmed.com\/editorial\/?page_id=12"},"modified":"2019-03-21T22:40:29","modified_gmt":"2019-03-21T21:40:29","slug":"dietas-efectivas-online","status":"publish","type":"page","link":"https:\/\/www.ayrmed.com\/editorial\/dietas-efectivas-online\/","title":{"rendered":"Dietas online"},"content":{"rendered":"<p style=\"text-align: justify;\">\u00bfNecesita bajar peso? \u00bfQuiere verse bien en bikini o en ba\u00f1ador? \u00bfSiente cansancio de haber realizado tanta dieta sin resultados? \u00bfNota que ya no adelgaza tan f\u00e1cilmente como antes? \u00bfDesea obtener una figura m\u00e1s firme y est\u00e9tica o marcar musculatura? Este es su sitio.<\/p>\n<p style=\"text-align: center;\"><img loading=\"lazy\" decoding=\"async\" class=\"aligncenter size-full wp-image-1363\" src=\"https:\/\/www.ayrmed.com\/editorial\/wp-content\/uploads\/2019\/03\/adelgaza-gozando.jpeg\" alt=\"Adelgazar gozando\" width=\"1880\" height=\"1253\" srcset=\"https:\/\/www.ayrmed.com\/editorial\/wp-content\/uploads\/2019\/03\/adelgaza-gozando.jpeg 1880w, https:\/\/www.ayrmed.com\/editorial\/wp-content\/uploads\/2019\/03\/adelgaza-gozando-300x200.jpeg 300w, https:\/\/www.ayrmed.com\/editorial\/wp-content\/uploads\/2019\/03\/adelgaza-gozando-768x512.jpeg 768w, https:\/\/www.ayrmed.com\/editorial\/wp-content\/uploads\/2019\/03\/adelgaza-gozando-1024x682.jpeg 1024w\" sizes=\"auto, (max-width: 1880px) 100vw, 1880px\" \/><\/p>\n<p style=\"text-align: justify;\">Abundan hoy en d\u00eda las dietas online por Internet. Pero, \u00bfde qui\u00e9n fiarse? \u00bfson efectivas? Antes de leer\u00a0sobre nuestro novedoso servicio, si tiene\u00a0problemas de sobrepeso o desea mejorar la\u00a0figura, le invitamos a <a href=\"https:\/\/www.ayrmed.com\/editorial\/ideal\/\" target=\"_blank\" rel=\"noopener noreferrer\">calcular su peso ideal<\/a> o hacernos una 1\u00aa consulta gratuita sobre nutrici\u00f3n y dietas.<\/p>\n<p><a href=\"https:\/\/www.ayrmed.com\/editorial\/consultad\/\" rel=\"nofollow\"><img loading=\"lazy\" decoding=\"async\" class=\"aligncenter wp-image-1256 size-full\" src=\"https:\/\/www.ayrmed.com\/editorial\/wp-content\/uploads\/2019\/03\/boton-saber-mas.jpg\" alt=\"\" width=\"200\" height=\"60\" \/><\/a><\/p>\n<h2 style=\"text-align: center;\">La mejor dieta, \u00bfcu\u00e1l es?<\/h2>\n<p style=\"text-align: justify;\">La denominada \u00abdieta mediterr\u00e1nea\u00bb ha demostrado resultar una de las m\u00e1s saludables del mundo. Completa, equilibrada y rica en nutrientes, elementos y vitaminas favorables para la salud cardiovascular, contrasta con los h\u00e1bitos alimenticios de los pa\u00edses del norte de Europa, Canad\u00e1 y Estados Unidos, donde las tasas de mortalidad por cardiopat\u00edas y accidentes cerebrovasculares son notablemente superiores a las de las naciones de la cuenca mediterr\u00e1nea.<\/p>\n<p align=\"justify\">El <a href=\"https:\/\/www.ayrmed.com\/editorial\/antonio-ferrandez-infante\/\" target=\"_blank\" rel=\"noopener noreferrer\">Dr. Antonio Ferr\u00e1ndez<\/a>, es un m\u00e9dico especialista que aplica sus conocimientos en nutrici\u00f3n y bioenerg\u00e9tica para dise\u00f1ar, desde 2001, <strong>dietas personalizadas<\/strong> a trav\u00e9s de un novedoso m\u00e9todo de Medical Coaching en el que el\/la cliente no s\u00f3lo consigue adelgazar de forma saludable, sino que <strong>disfruta<\/strong> haci\u00e9ndolo. He <a href=\"#testimonios\" target=\"_blank\" rel=\"noopener noreferrer\">&gt;&gt;aqu\u00ed&lt;&lt;<\/a> algunos testimonios. Estas son algunas de las metas que se facilitan:<\/p>\n<p align=\"justify\">&#8211; Adelgazar de forma saludable y estabilizarse en el peso ideal.<\/p>\n<p align=\"justify\">&#8211; Disminuir la grasa abdominal (barriga) y mejorar la figura.<\/p>\n<p align=\"justify\">&#8211; Reducir la grasa de los gl\u00fateos y endurecerlos<\/p>\n<p align=\"justify\">&#8211; Mantener los resultados a lo largo del tiempo y disfrutar comiendo sano<\/p>\n<p style=\"text-align: justify;\">&#8211; Mejorar la inmunidad y el estado de \u00e1nimo.<\/p>\n<p style=\"text-align: justify;\">&#8211; Facilitar el flujo y el equilibrio de la energ\u00eda vital.<\/p>\n<p style=\"text-align: justify;\">&#8211; Disminuir el porcentaje de grasa corporal.<\/p>\n<p>&#8211; Un gran Etc.<\/p>\n<p style=\"text-align: justify;\">(Con el fin de que conozca cu\u00e1l es su peso ideal, le ofrecemos esta herramienta para <a href=\"https:\/\/www.ayrmed.com\/editorial\/imc\/\" target=\"_blank\" rel=\"noopener noreferrer\">calcular el \u00edndice de masa corporal<\/a>, y su interpretaci\u00f3n.)<\/p>\n<p><a href=\"https:\/\/www.ayrmed.com\/editorial\/consultad\/\" rel=\"nofollow\"><img loading=\"lazy\" decoding=\"async\" class=\"aligncenter wp-image-1256 size-full\" src=\"https:\/\/www.ayrmed.com\/editorial\/wp-content\/uploads\/2019\/03\/boton-saber-mas.jpg\" alt=\"\" width=\"200\" height=\"60\" \/><\/a><\/p>\n<h3 style=\"text-align: center;\"><strong>Dietas efectivas. Un ejemplo<\/strong><\/h3>\n<p style=\"text-align: justify;\">Para lograr estas metas, pueden utilizarse una serie de procedimientos para dise\u00f1ar protocolos diet\u00e9ticos que multiplican las ya de por s\u00ed extraordinarias propiedades de la dieta mediterr\u00e1nea. Un ejemplo lo constituye la dieta disociada alcalina c\u00edclica estacional:<\/p>\n<p style=\"text-align: justify;\">&#8211; Disociada: separa los hidratos de carbono de la ingesta de prote\u00ednas y grasas.<\/p>\n<p style=\"text-align: justify;\">&#8211; Alcalina: da prioridad a los alimentos con ph alcalino.<\/p>\n<p style=\"text-align: justify;\">&#8211; C\u00edclica: la cualidad y cantidad de calor\u00edas no es constante.<\/p>\n<p style=\"text-align: justify;\">&#8211; Estacional: se adec\u00faa a cada estaci\u00f3n del a\u00f1o seg\u00fan los principios de la medicina tradicional china.<\/p>\n<p style=\"text-align: justify;\">Adem\u00e1s, si estas dietas efectivas online se dise\u00f1an de forma personalizada -no est\u00e1ndar-, conforme a las condiciones y caracter\u00edsticas propias de cada persona en particular, los resultados pueden ser extraordinarios y mucho mejores que los de una dieta convencional, porque cada individuo tiene una constituci\u00f3n y unas necesidades diferentes, y por tanto, cada cual requiere un tipo de alimentaci\u00f3n apropiado a sus condiciones y objetivos espec\u00edficos.<\/p>\n<p style=\"text-align: center;\"><a href=\"https:\/\/www.ayrmed.com\/editorial\/consultad\/\" rel=\"nofollow\"><img loading=\"lazy\" decoding=\"async\" class=\"aligncenter wp-image-1256 size-full\" src=\"https:\/\/www.ayrmed.com\/editorial\/wp-content\/uploads\/2019\/03\/boton-saber-mas.jpg\" alt=\"\" width=\"200\" height=\"60\" \/><\/a><\/p>\n<p style=\"text-align: center;\"><img loading=\"lazy\" decoding=\"async\" class=\"aligncenter size-full wp-image-602\" src=\"https:\/\/www.ayrmed.com\/editorial\/wp-content\/uploads\/2019\/01\/hablamos-computer.jpg\" alt=\"asesor m\u00e9dico online\" width=\"500\" height=\"333\" srcset=\"https:\/\/www.ayrmed.com\/editorial\/wp-content\/uploads\/2019\/01\/hablamos-computer.jpg 500w, https:\/\/www.ayrmed.com\/editorial\/wp-content\/uploads\/2019\/01\/hablamos-computer-300x200.jpg 300w\" sizes=\"auto, (max-width: 500px) 100vw, 500px\" \/><\/p>\n<p style=\"text-align: justify;\">El Dr. Antonio Ferr\u00e1ndez le ofrece una <strong>nueva forma in\u00e9dita de adelgazar<\/strong>, quemar grasa o conseguir y mantener la figura que usted desea. Tras muchos a\u00f1os de experiencia nos atrevemos a afirmar que s\u00f3lo es posible mejorar la figura corporal y bajar peso mediante un programa personalizado de dieta y ejercicio consensuado con el cliente mediante un m\u00e9todo de coaching online interactivo que cuente con el seguimiento de un experto. El programa deber\u00eda incluir medidas para reducir la ansiedad que implican los cambios en la forma de alimentarse. Para ello contamos con un m\u00e9dico experto que le ayudar\u00e1 a elaborar un plan diet\u00e9tico personalizado que <strong>puede cambiar su figura, su salud y su vida<\/strong>.<\/p>\n<p><a name=\"testimonios\"><\/a><\/p>\n<h3 style=\"text-align: center;\"><strong>Testimonios<\/strong><\/h3>\n<p style=\"text-align: justify;\">Soy Nuria, y quer\u00eda agradeceros el apoyo y la profesionalidad que hab\u00e9is puesto en mi caso. Llevo \u00a0cuatro meses siguiendo la dieta puesta por el doctor Antonio Ferr\u00e1ndez y en este tiempo hemos podido conseguir que yo perdiera 20 kilos de peso, de complejos y de dolencias tanto estomacales como de tobillos.<\/p>\n<p style=\"text-align: justify;\">En estos momentos ya no me cuesta jugar con mi ni\u00f1a de 3 a\u00f1os, pasarme la tarde bailando con ella, o tirarme al suelo en el parque sin pensar en ese michel\u00edn que sobresale, porque vuelvo a estar \u00e1gil.<\/p>\n<p style=\"text-align: justify;\">Mi marido nunca me ha dicho nada de mi peso pero ahora al sentirme yo mejor tengo mas ganas de salir y que le vean conmigo; los complejos han desaparecido.<\/p>\n<p style=\"text-align: justify;\">Ahora quiero seguir en vuestras manos porque el camino no acaba aqu\u00ed, ahora hay que mantenerse y seguir trabajando en un estado \u00f3ptimo de salud.<\/p>\n<p>De nuevo muchas gracias,<\/p>\n<p>Nuria.<\/p>\n","protected":false},"excerpt":{"rendered":"<p>\u00bfNecesita bajar peso? \u00bfQuiere verse bien en bikini o en ba\u00f1ador? \u00bfSiente cansancio de haber realizado tanta dieta sin resultados? \u00bfNota que ya no adelgaza tan f\u00e1cilmente como antes? \u00bfDesea obtener una figura m\u00e1s firme y est\u00e9tica o marcar musculatura? Este es su sitio. Abundan hoy en d\u00eda las dietas online por Internet. Pero, \u00bfde [&hellip;]<\/p>\n","protected":false},"author":1,"featured_media":0,"parent":0,"menu_order":0,"comment_status":"open","ping_status":"closed","template":"","meta":{"site-sidebar-layout":"default","site-content-layout":"","ast-site-content-layout":"default","site-content-style":"default","site-sidebar-style":"default","ast-global-header-display":"","ast-banner-title-visibility":"","ast-main-header-display":"","ast-hfb-above-header-display":"","ast-hfb-below-header-display":"","ast-hfb-mobile-header-display":"","site-post-title":"","ast-breadcrumbs-content":"","ast-featured-img":"","footer-sml-layout":"","ast-disable-related-posts":"","theme-transparent-header-meta":"","adv-header-id-meta":"","stick-header-meta":"","header-above-stick-meta":"","header-main-stick-meta":"","header-below-stick-meta":"","astra-migrate-meta-layouts":"default","ast-page-background-enabled":"default","ast-page-background-meta":{"desktop":{"background-color":"","background-image":"","background-repeat":"repeat","background-position":"center center","background-size":"auto","background-attachment":"scroll","background-type":"","background-media":"","overlay-type":"","overlay-color":"","overlay-opacity":"","overlay-gradient":""},"tablet":{"background-color":"","background-image":"","background-repeat":"repeat","background-position":"center center","background-size":"auto","background-attachment":"scroll","background-type":"","background-media":"","overlay-type":"","overlay-color":"","overlay-opacity":"","overlay-gradient":""},"mobile":{"background-color":"","background-image":"","background-repeat":"repeat","background-position":"center center","background-size":"auto","background-attachment":"scroll","background-type":"","background-media":"","overlay-type":"","overlay-color":"","overlay-opacity":"","overlay-gradient":""}},"ast-content-background-meta":{"desktop":{"background-color":"var(--ast-global-color-5)","background-image":"","background-repeat":"repeat","background-position":"center center","background-size":"auto","background-attachment":"scroll","background-type":"","background-media":"","overlay-type":"","overlay-color":"","overlay-opacity":"","overlay-gradient":""},"tablet":{"background-color":"var(--ast-global-color-5)","background-image":"","background-repeat":"repeat","background-position":"center center","background-size":"auto","background-attachment":"scroll","background-type":"","background-media":"","overlay-type":"","overlay-color":"","overlay-opacity":"","overlay-gradient":""},"mobile":{"background-color":"var(--ast-global-color-5)","background-image":"","background-repeat":"repeat","background-position":"center center","background-size":"auto","background-attachment":"scroll","background-type":"","background-media":"","overlay-type":"","overlay-color":"","overlay-opacity":"","overlay-gradient":""}},"footnotes":""},"class_list":["post-12","page","type-page","status-publish","hentry"],"yoast_head":"<!-- This site is optimized with the Yoast SEO plugin v27.4 - https:\/\/yoast.com\/product\/yoast-seo-wordpress\/ -->\n<title>Dietas efectivas online personalizadas | Dietas Chi<\/title>\n<meta name=\"description\" content=\"S\u00f3lo las dietas personalizadas son efectivas online. Un m\u00e9dico acupuntor te ense\u00f1a c\u00f3mo comer saludable.\" \/>\n<meta name=\"robots\" content=\"index, follow, max-snippet:-1, max-image-preview:large, max-video-preview:-1\" \/>\n<link rel=\"canonical\" href=\"https:\/\/www.ayrmed.com\/editorial\/dietas-efectivas-online\/\" \/>\n<meta property=\"og:locale\" content=\"es_ES\" \/>\n<meta property=\"og:type\" content=\"article\" \/>\n<meta property=\"og:title\" content=\"Dietas efectivas online personalizadas | Dietas Chi\" \/>\n<meta property=\"og:description\" content=\"S\u00f3lo las dietas personalizadas son efectivas online. Un m\u00e9dico acupuntor te ense\u00f1a c\u00f3mo comer saludable.\" \/>\n<meta property=\"og:url\" content=\"https:\/\/www.ayrmed.com\/editorial\/dietas-efectivas-online\/\" \/>\n<meta property=\"og:site_name\" content=\"Ayrmed.com\" \/>\n<meta property=\"article:publisher\" content=\"https:\/\/www.facebook.com\/Dr.AntonioFerrandez\/\" \/>\n<meta property=\"article:modified_time\" content=\"2019-03-21T21:40:29+00:00\" \/>\n<meta property=\"og:image\" content=\"https:\/\/www.ayrmed.com\/editorial\/wp-content\/uploads\/2019\/03\/adelgaza-gozando.jpeg\" \/>\n<meta name=\"twitter:label1\" content=\"Tiempo de lectura\" \/>\n\t<meta name=\"twitter:data1\" content=\"4 minutos\" \/>\n<script type=\"application\/ld+json\" class=\"yoast-schema-graph\">{\"@context\":\"https:\\\/\\\/schema.org\",\"@graph\":[{\"@type\":\"WebPage\",\"@id\":\"https:\\\/\\\/www.ayrmed.com\\\/editorial\\\/dietas-efectivas-online\\\/\",\"url\":\"https:\\\/\\\/www.ayrmed.com\\\/editorial\\\/dietas-efectivas-online\\\/\",\"name\":\"Dietas efectivas online personalizadas | Dietas Chi\",\"isPartOf\":{\"@id\":\"https:\\\/\\\/www.ayrmed.com\\\/editorial\\\/#website\"},\"primaryImageOfPage\":{\"@id\":\"https:\\\/\\\/www.ayrmed.com\\\/editorial\\\/dietas-efectivas-online\\\/#primaryimage\"},\"image\":{\"@id\":\"https:\\\/\\\/www.ayrmed.com\\\/editorial\\\/dietas-efectivas-online\\\/#primaryimage\"},\"thumbnailUrl\":\"https:\\\/\\\/www.ayrmed.com\\\/editorial\\\/wp-content\\\/uploads\\\/2019\\\/03\\\/adelgaza-gozando.jpeg\",\"datePublished\":\"2013-04-10T14:29:39+00:00\",\"dateModified\":\"2019-03-21T21:40:29+00:00\",\"description\":\"S\u00f3lo las dietas personalizadas son efectivas online. Un m\u00e9dico acupuntor te ense\u00f1a c\u00f3mo comer saludable.\",\"breadcrumb\":{\"@id\":\"https:\\\/\\\/www.ayrmed.com\\\/editorial\\\/dietas-efectivas-online\\\/#breadcrumb\"},\"inLanguage\":\"es\",\"potentialAction\":[{\"@type\":\"ReadAction\",\"target\":[\"https:\\\/\\\/www.ayrmed.com\\\/editorial\\\/dietas-efectivas-online\\\/\"]}]},{\"@type\":\"ImageObject\",\"inLanguage\":\"es\",\"@id\":\"https:\\\/\\\/www.ayrmed.com\\\/editorial\\\/dietas-efectivas-online\\\/#primaryimage\",\"url\":\"https:\\\/\\\/www.ayrmed.com\\\/editorial\\\/wp-content\\\/uploads\\\/2019\\\/03\\\/adelgaza-gozando.jpeg\",\"contentUrl\":\"https:\\\/\\\/www.ayrmed.com\\\/editorial\\\/wp-content\\\/uploads\\\/2019\\\/03\\\/adelgaza-gozando.jpeg\",\"width\":1880,\"height\":1253,\"caption\":\"Adelgazar gozando\"},{\"@type\":\"BreadcrumbList\",\"@id\":\"https:\\\/\\\/www.ayrmed.com\\\/editorial\\\/dietas-efectivas-online\\\/#breadcrumb\",\"itemListElement\":[{\"@type\":\"ListItem\",\"position\":1,\"name\":\"Portada\",\"item\":\"https:\\\/\\\/www.ayrmed.com\\\/editorial\\\/\"},{\"@type\":\"ListItem\",\"position\":2,\"name\":\"Dietas online\"}]},{\"@type\":\"WebSite\",\"@id\":\"https:\\\/\\\/www.ayrmed.com\\\/editorial\\\/#website\",\"url\":\"https:\\\/\\\/www.ayrmed.com\\\/editorial\\\/\",\"name\":\"Ayrmed.com\",\"description\":\"Avances y Renovaci\u00f3n en Medicina\",\"publisher\":{\"@id\":\"https:\\\/\\\/www.ayrmed.com\\\/editorial\\\/#organization\"},\"potentialAction\":[{\"@type\":\"SearchAction\",\"target\":{\"@type\":\"EntryPoint\",\"urlTemplate\":\"https:\\\/\\\/www.ayrmed.com\\\/editorial\\\/?s={search_term_string}\"},\"query-input\":{\"@type\":\"PropertyValueSpecification\",\"valueRequired\":true,\"valueName\":\"search_term_string\"}}],\"inLanguage\":\"es\"},{\"@type\":\"Organization\",\"@id\":\"https:\\\/\\\/www.ayrmed.com\\\/editorial\\\/#organization\",\"name\":\"Ayrmed.com\",\"url\":\"https:\\\/\\\/www.ayrmed.com\\\/editorial\\\/\",\"logo\":{\"@type\":\"ImageObject\",\"inLanguage\":\"es\",\"@id\":\"https:\\\/\\\/www.ayrmed.com\\\/editorial\\\/#\\\/schema\\\/logo\\\/image\\\/\",\"url\":\"https:\\\/\\\/www.ayrmed.com\\\/editorial\\\/wp-content\\\/uploads\\\/2020\\\/01\\\/cropped-logo-ayrmed-10.png\",\"contentUrl\":\"https:\\\/\\\/www.ayrmed.com\\\/editorial\\\/wp-content\\\/uploads\\\/2020\\\/01\\\/cropped-logo-ayrmed-10.png\",\"width\":462,\"height\":148,\"caption\":\"Ayrmed.com\"},\"image\":{\"@id\":\"https:\\\/\\\/www.ayrmed.com\\\/editorial\\\/#\\\/schema\\\/logo\\\/image\\\/\"},\"sameAs\":[\"https:\\\/\\\/www.facebook.com\\\/Dr.AntonioFerrandez\\\/\",\"https:\\\/\\\/x.com\\\/editorialayrmed\",\"https:\\\/\\\/www.linkedin.com\\\/in\\\/antonio-ferrandez-infante\\\/\",\"https:\\\/\\\/www.pinterest.es\\\/ayrmed\",\"https:\\\/\\\/www.youtube.com\\\/channel\\\/UCLTv0c5lrbhVHCij5-z835w\"]}]}<\/script>\n<!-- \/ Yoast SEO plugin. -->","yoast_head_json":{"title":"Dietas efectivas online personalizadas | Dietas Chi","description":"S\u00f3lo las dietas personalizadas son efectivas online. Un m\u00e9dico acupuntor te ense\u00f1a c\u00f3mo comer saludable.","robots":{"index":"index","follow":"follow","max-snippet":"max-snippet:-1","max-image-preview":"max-image-preview:large","max-video-preview":"max-video-preview:-1"},"canonical":"https:\/\/www.ayrmed.com\/editorial\/dietas-efectivas-online\/","og_locale":"es_ES","og_type":"article","og_title":"Dietas efectivas online personalizadas | Dietas Chi","og_description":"S\u00f3lo las dietas personalizadas son efectivas online. Un m\u00e9dico acupuntor te ense\u00f1a c\u00f3mo comer saludable.","og_url":"https:\/\/www.ayrmed.com\/editorial\/dietas-efectivas-online\/","og_site_name":"Ayrmed.com","article_publisher":"https:\/\/www.facebook.com\/Dr.AntonioFerrandez\/","article_modified_time":"2019-03-21T21:40:29+00:00","og_image":[{"url":"https:\/\/www.ayrmed.com\/editorial\/wp-content\/uploads\/2019\/03\/adelgaza-gozando.jpeg","type":"","width":"","height":""}],"twitter_misc":{"Tiempo de lectura":"4 minutos"},"schema":{"@context":"https:\/\/schema.org","@graph":[{"@type":"WebPage","@id":"https:\/\/www.ayrmed.com\/editorial\/dietas-efectivas-online\/","url":"https:\/\/www.ayrmed.com\/editorial\/dietas-efectivas-online\/","name":"Dietas efectivas online personalizadas | Dietas Chi","isPartOf":{"@id":"https:\/\/www.ayrmed.com\/editorial\/#website"},"primaryImageOfPage":{"@id":"https:\/\/www.ayrmed.com\/editorial\/dietas-efectivas-online\/#primaryimage"},"image":{"@id":"https:\/\/www.ayrmed.com\/editorial\/dietas-efectivas-online\/#primaryimage"},"thumbnailUrl":"https:\/\/www.ayrmed.com\/editorial\/wp-content\/uploads\/2019\/03\/adelgaza-gozando.jpeg","datePublished":"2013-04-10T14:29:39+00:00","dateModified":"2019-03-21T21:40:29+00:00","description":"S\u00f3lo las dietas personalizadas son efectivas online. Un m\u00e9dico acupuntor te ense\u00f1a c\u00f3mo comer saludable.","breadcrumb":{"@id":"https:\/\/www.ayrmed.com\/editorial\/dietas-efectivas-online\/#breadcrumb"},"inLanguage":"es","potentialAction":[{"@type":"ReadAction","target":["https:\/\/www.ayrmed.com\/editorial\/dietas-efectivas-online\/"]}]},{"@type":"ImageObject","inLanguage":"es","@id":"https:\/\/www.ayrmed.com\/editorial\/dietas-efectivas-online\/#primaryimage","url":"https:\/\/www.ayrmed.com\/editorial\/wp-content\/uploads\/2019\/03\/adelgaza-gozando.jpeg","contentUrl":"https:\/\/www.ayrmed.com\/editorial\/wp-content\/uploads\/2019\/03\/adelgaza-gozando.jpeg","width":1880,"height":1253,"caption":"Adelgazar gozando"},{"@type":"BreadcrumbList","@id":"https:\/\/www.ayrmed.com\/editorial\/dietas-efectivas-online\/#breadcrumb","itemListElement":[{"@type":"ListItem","position":1,"name":"Portada","item":"https:\/\/www.ayrmed.com\/editorial\/"},{"@type":"ListItem","position":2,"name":"Dietas online"}]},{"@type":"WebSite","@id":"https:\/\/www.ayrmed.com\/editorial\/#website","url":"https:\/\/www.ayrmed.com\/editorial\/","name":"Ayrmed.com","description":"Avances y Renovaci\u00f3n en Medicina","publisher":{"@id":"https:\/\/www.ayrmed.com\/editorial\/#organization"},"potentialAction":[{"@type":"SearchAction","target":{"@type":"EntryPoint","urlTemplate":"https:\/\/www.ayrmed.com\/editorial\/?s={search_term_string}"},"query-input":{"@type":"PropertyValueSpecification","valueRequired":true,"valueName":"search_term_string"}}],"inLanguage":"es"},{"@type":"Organization","@id":"https:\/\/www.ayrmed.com\/editorial\/#organization","name":"Ayrmed.com","url":"https:\/\/www.ayrmed.com\/editorial\/","logo":{"@type":"ImageObject","inLanguage":"es","@id":"https:\/\/www.ayrmed.com\/editorial\/#\/schema\/logo\/image\/","url":"https:\/\/www.ayrmed.com\/editorial\/wp-content\/uploads\/2020\/01\/cropped-logo-ayrmed-10.png","contentUrl":"https:\/\/www.ayrmed.com\/editorial\/wp-content\/uploads\/2020\/01\/cropped-logo-ayrmed-10.png","width":462,"height":148,"caption":"Ayrmed.com"},"image":{"@id":"https:\/\/www.ayrmed.com\/editorial\/#\/schema\/logo\/image\/"},"sameAs":["https:\/\/www.facebook.com\/Dr.AntonioFerrandez\/","https:\/\/x.com\/editorialayrmed","https:\/\/www.linkedin.com\/in\/antonio-ferrandez-infante\/","https:\/\/www.pinterest.es\/ayrmed","https:\/\/www.youtube.com\/channel\/UCLTv0c5lrbhVHCij5-z835w"]}]}},"_links":{"self":[{"href":"https:\/\/www.ayrmed.com\/editorial\/wp-json\/wp\/v2\/pages\/12","targetHints":{"allow":["GET"]}}],"collection":[{"href":"https:\/\/www.ayrmed.com\/editorial\/wp-json\/wp\/v2\/pages"}],"about":[{"href":"https:\/\/www.ayrmed.com\/editorial\/wp-json\/wp\/v2\/types\/page"}],"author":[{"embeddable":true,"href":"https:\/\/www.ayrmed.com\/editorial\/wp-json\/wp\/v2\/users\/1"}],"replies":[{"embeddable":true,"href":"https:\/\/www.ayrmed.com\/editorial\/wp-json\/wp\/v2\/comments?post=12"}],"version-history":[{"count":7,"href":"https:\/\/www.ayrmed.com\/editorial\/wp-json\/wp\/v2\/pages\/12\/revisions"}],"predecessor-version":[{"id":1535,"href":"https:\/\/www.ayrmed.com\/editorial\/wp-json\/wp\/v2\/pages\/12\/revisions\/1535"}],"wp:attachment":[{"href":"https:\/\/www.ayrmed.com\/editorial\/wp-json\/wp\/v2\/media?parent=12"}],"curies":[{"name":"wp","href":"https:\/\/api.w.org\/{rel}","templated":true}]}}